{"id":14535,"date":"2021-11-19T14:43:26","date_gmt":"2021-11-19T14:43:26","guid":{"rendered":"https:\/\/vulpe.ee\/toode\/mummuline-t-sark-kleit-sooda\/"},"modified":"2021-12-28T13:15:24","modified_gmt":"2021-12-28T13:15:24","slug":"mummuline-t-sark-kleit-sooda","status":"publish","type":"product","link":"https:\/\/vulpe.ee\/en\/toode\/mummuline-t-sark-kleit-sooda\/","title":{"rendered":"Mummuline T-s\u00e4rk Kleit Sooda"},"content":{"rendered":"<p>See kleit on iga garderoobi must-have. Sobita see pidulikuma jakiga v\u00f5i sportlike jalan\u00f5udega. \u00dclimugav l\u00f5ige t\u00f5estab, et moodne ja ilus v\u00f5ib olla ka mugav.<\/p>\n<p>\u2022 96% pol\u00fcester, 4% spandex<br \/>\n\u2022 Sile ja veniv materjal<br \/>\n\u2022 Toodetud Euroopas<br \/>\n\u2022 Toode ei ole laoartikkel. See on eritellimusel valmistatud<br \/>\n\u2022 Toote v\u00e4rvid v\u00f5ivad erineda sellest, mida n\u00e4ed oma ekraanil.<\/p>\n","protected":false},"excerpt":{"rendered":"<p>Mummuline sooda kleit on\u00a0 ideaalne kingitus s\u00f5brale, kes on peast veidi sooda.<\/p>\n<p><span style=\"font-weight: 400;\">Too oma ellu veidi r\u00f5\u00f5mu ja v\u00e4rvi meie \u00fclimugavate mummuliste t-s\u00e4rk kleitidega.<\/span><\/p>\n<p><a href=\"#pix_popup_14385\"><button type=\"submit\" class=\"sizeguidebtn button\">Vaata suuruste tabelit<\/button><\/a><\/p>\n","protected":false},"featured_media":14547,"template":"","meta":[],"product_cat":[89,74],"product_tag":[],"class_list":{"0":"post-14535","1":"product","2":"type-product","3":"status-publish","4":"has-post-thumbnail","6":"product_cat-kleit","7":"product_cat-punane-kleit","9":"first","10":"instock","11":"sale","12":"taxable","13":"shipping-taxable","14":"purchasable","15":"product-type-variable"},"yoast_head":"<!-- This site is optimized with the Yoast SEO plugin v23.5 - https:\/\/yoast.com\/wordpress\/plugins\/seo\/ -->\n<title>Mummuline T-s\u00e4rk Kleit Sooda - Vulpe<\/title>\n<meta name=\"robots\" content=\"index, follow, max-snippet:-1, max-image-preview:large, max-video-preview:-1\" \/>\n<link rel=\"canonical\" href=\"https:\/\/www.vulpe.ee\/en\/toode\/mummuline-t-sark-kleit-sooda\/\" \/>\n<meta property=\"og:locale\" content=\"en_US\" \/>\n<meta property=\"og:locale:alternate\" content=\"et\" \/>\n<meta property=\"og:locale:alternate\" content=\"ru_RU\" \/>\n<meta property=\"og:type\" content=\"article\" \/>\n<meta property=\"og:title\" content=\"Mummuline T-s\u00e4rk Kleit Sooda\" \/>\n<meta property=\"og:description\" content=\"Mummuline sooda kleit on\u00a0 ideaalne kingitus s\u00f5brale, kes on peast veidi sooda.  Too oma ellu veidi r\u00f5\u00f5mu ja v\u00e4rvi meie \u00fclimugavate mummuliste t-s\u00e4rk kleitidega.  Vaata suuruste tabelit\" \/>\n<meta property=\"og:url\" content=\"https:\/\/vulpe.ee\/en\/toode\/mummuline-t-sark-kleit-sooda\/\" \/>\n<meta property=\"og:site_name\" content=\"Vulpe\" \/>\n<meta property=\"article:modified_time\" content=\"2021-12-28T13:15:24+00:00\" \/>\n<meta property=\"og:image\" content=\"https:\/\/www.vulpe.ee\/wp-content\/uploads\/2021\/11\/all-over-print-t-shirt-dress-white-front-6197b801db437.jpg\" \/>\n\t<meta property=\"og:image:width\" content=\"1000\" \/>\n\t<meta property=\"og:image:height\" content=\"1000\" \/>\n\t<meta property=\"og:image:type\" content=\"image\/jpeg\" \/>\n<meta name=\"twitter:card\" content=\"summary_large_image\" \/>\n<script type=\"application\/ld+json\" class=\"yoast-schema-graph\">{\"@context\":\"https:\/\/schema.org\",\"@graph\":[{\"@type\":\"WebPage\",\"@id\":\"https:\/\/www.vulpe.ee\/en\/toode\/mummuline-t-sark-kleit-sooda\/\",\"url\":\"https:\/\/www.vulpe.ee\/en\/toode\/mummuline-t-sark-kleit-sooda\/\",\"name\":\"Mummuline T-s\u00e4rk Kleit Sooda\",\"isPartOf\":{\"@id\":\"https:\/\/vulpe.ee\/ru\/#website\"},\"primaryImageOfPage\":{\"@id\":\"https:\/\/www.vulpe.ee\/en\/toode\/mummuline-t-sark-kleit-sooda\/#primaryimage\"},\"image\":{\"@id\":\"https:\/\/www.vulpe.ee\/en\/toode\/mummuline-t-sark-kleit-sooda\/#primaryimage\"},\"thumbnailUrl\":\"https:\/\/vulpe.ee\/wp-content\/uploads\/2021\/11\/all-over-print-t-shirt-dress-white-front-6197b801db437.jpg\",\"datePublished\":\"2021-11-19T14:43:26+00:00\",\"dateModified\":\"2021-12-28T13:15:24+00:00\",\"breadcrumb\":{\"@id\":\"https:\/\/www.vulpe.ee\/en\/toode\/mummuline-t-sark-kleit-sooda\/#breadcrumb\"},\"inLanguage\":\"en-US\",\"potentialAction\":[{\"@type\":\"ReadAction\",\"target\":[\"https:\/\/www.vulpe.ee\/en\/toode\/mummuline-t-sark-kleit-sooda\/\"]}]},{\"@type\":\"ImageObject\",\"inLanguage\":\"en-US\",\"@id\":\"https:\/\/www.vulpe.ee\/en\/toode\/mummuline-t-sark-kleit-sooda\/#primaryimage\",\"url\":\"https:\/\/vulpe.ee\/wp-content\/uploads\/2021\/11\/all-over-print-t-shirt-dress-white-front-6197b801db437.jpg\",\"contentUrl\":\"https:\/\/vulpe.ee\/wp-content\/uploads\/2021\/11\/all-over-print-t-shirt-dress-white-front-6197b801db437.jpg\",\"width\":1000,\"height\":1000},{\"@type\":\"BreadcrumbList\",\"@id\":\"https:\/\/www.vulpe.ee\/en\/toode\/mummuline-t-sark-kleit-sooda\/#breadcrumb\",\"itemListElement\":[{\"@type\":\"ListItem\",\"position\":1,\"name\":\"Home\",\"item\":\"https:\/\/vulpe.ee\/ru\/\"},{\"@type\":\"ListItem\",\"position\":2,\"name\":\"Pood\",\"item\":\"https:\/\/vulpe.ee\/ru\/pood\/\"},{\"@type\":\"ListItem\",\"position\":3,\"name\":\"Mummuline T-s\u00e4rk Kleit Sooda\"}]},{\"@type\":\"WebSite\",\"@id\":\"https:\/\/vulpe.ee\/ru\/#website\",\"url\":\"https:\/\/vulpe.ee\/ru\/\",\"name\":\"Vulpe\",\"description\":\"\",\"publisher\":{\"@id\":\"https:\/\/vulpe.ee\/ru\/#organization\"},\"potentialAction\":[{\"@type\":\"SearchAction\",\"target\":{\"@type\":\"EntryPoint\",\"urlTemplate\":\"https:\/\/vulpe.ee\/ru\/?s={search_term_string}\"},\"query-input\":{\"@type\":\"PropertyValueSpecification\",\"valueRequired\":true,\"valueName\":\"search_term_string\"}}],\"inLanguage\":\"en-US\"},{\"@type\":\"Organization\",\"@id\":\"https:\/\/vulpe.ee\/ru\/#organization\",\"name\":\"Mummud.ee\",\"url\":\"https:\/\/vulpe.ee\/ru\/\",\"logo\":{\"@type\":\"ImageObject\",\"inLanguage\":\"en-US\",\"@id\":\"https:\/\/vulpe.ee\/ru\/#\/schema\/logo\/image\/\",\"url\":\"https:\/\/www.vulpe.ee\/wp-content\/uploads\/2021\/10\/mummudlogo3-1.png\",\"contentUrl\":\"https:\/\/www.vulpe.ee\/wp-content\/uploads\/2021\/10\/mummudlogo3-1.png\",\"width\":500,\"height\":200,\"caption\":\"Mummud.ee\"},\"image\":{\"@id\":\"https:\/\/vulpe.ee\/ru\/#\/schema\/logo\/image\/\"}}]}<\/script>\n<!-- \/ Yoast SEO plugin. -->","yoast_head_json":{"title":"Mummuline T-s\u00e4rk Kleit Sooda - Vulpe","robots":{"index":"index","follow":"follow","max-snippet":"max-snippet:-1","max-image-preview":"max-image-preview:large","max-video-preview":"max-video-preview:-1"},"canonical":"https:\/\/www.vulpe.ee\/en\/toode\/mummuline-t-sark-kleit-sooda\/","og_locale":"en_US","og_type":"article","og_title":"[:et]Mummuline T-s\u00e4rk Kleit Sooda[:] - Vulpe","og_description":"Mummuline sooda kleit on\u00a0 ideaalne kingitus s\u00f5brale, kes on peast veidi sooda.  Too oma ellu veidi r\u00f5\u00f5mu ja v\u00e4rvi meie \u00fclimugavate mummuliste t-s\u00e4rk kleitidega.  Vaata suuruste tabelit","og_url":"https:\/\/vulpe.ee\/en\/toode\/mummuline-t-sark-kleit-sooda\/","og_site_name":"Vulpe","article_modified_time":"2021-12-28T13:15:24+00:00","og_image":[{"width":1000,"height":1000,"url":"https:\/\/www.vulpe.ee\/wp-content\/uploads\/2021\/11\/all-over-print-t-shirt-dress-white-front-6197b801db437.jpg","type":"image\/jpeg"}],"twitter_card":"summary_large_image","schema":{"@context":"https:\/\/schema.org","@graph":[{"@type":"WebPage","@id":"https:\/\/www.vulpe.ee\/en\/toode\/mummuline-t-sark-kleit-sooda\/","url":"https:\/\/www.vulpe.ee\/en\/toode\/mummuline-t-sark-kleit-sooda\/","name":"Mummuline T-s\u00e4rk Kleit Sooda","isPartOf":{"@id":"https:\/\/vulpe.ee\/ru\/#website"},"primaryImageOfPage":{"@id":"https:\/\/www.vulpe.ee\/en\/toode\/mummuline-t-sark-kleit-sooda\/#primaryimage"},"image":{"@id":"https:\/\/www.vulpe.ee\/en\/toode\/mummuline-t-sark-kleit-sooda\/#primaryimage"},"thumbnailUrl":"https:\/\/vulpe.ee\/wp-content\/uploads\/2021\/11\/all-over-print-t-shirt-dress-white-front-6197b801db437.jpg","datePublished":"2021-11-19T14:43:26+00:00","dateModified":"2021-12-28T13:15:24+00:00","breadcrumb":{"@id":"https:\/\/www.vulpe.ee\/en\/toode\/mummuline-t-sark-kleit-sooda\/#breadcrumb"},"inLanguage":"en-US","potentialAction":[{"@type":"ReadAction","target":["https:\/\/www.vulpe.ee\/en\/toode\/mummuline-t-sark-kleit-sooda\/"]}]},{"@type":"ImageObject","inLanguage":"en-US","@id":"https:\/\/www.vulpe.ee\/en\/toode\/mummuline-t-sark-kleit-sooda\/#primaryimage","url":"https:\/\/vulpe.ee\/wp-content\/uploads\/2021\/11\/all-over-print-t-shirt-dress-white-front-6197b801db437.jpg","contentUrl":"https:\/\/vulpe.ee\/wp-content\/uploads\/2021\/11\/all-over-print-t-shirt-dress-white-front-6197b801db437.jpg","width":1000,"height":1000},{"@type":"BreadcrumbList","@id":"https:\/\/www.vulpe.ee\/en\/toode\/mummuline-t-sark-kleit-sooda\/#breadcrumb","itemListElement":[{"@type":"ListItem","position":1,"name":"Home","item":"https:\/\/vulpe.ee\/ru\/"},{"@type":"ListItem","position":2,"name":"Pood","item":"https:\/\/vulpe.ee\/ru\/pood\/"},{"@type":"ListItem","position":3,"name":"Mummuline T-s\u00e4rk Kleit Sooda"}]},{"@type":"WebSite","@id":"https:\/\/vulpe.ee\/ru\/#website","url":"https:\/\/vulpe.ee\/ru\/","name":"Vulpe","description":"","publisher":{"@id":"https:\/\/vulpe.ee\/ru\/#organization"},"potentialAction":[{"@type":"SearchAction","target":{"@type":"EntryPoint","urlTemplate":"https:\/\/vulpe.ee\/ru\/?s={search_term_string}"},"query-input":{"@type":"PropertyValueSpecification","valueRequired":true,"valueName":"search_term_string"}}],"inLanguage":"en-US"},{"@type":"Organization","@id":"https:\/\/vulpe.ee\/ru\/#organization","name":"Mummud.ee","url":"https:\/\/vulpe.ee\/ru\/","logo":{"@type":"ImageObject","inLanguage":"en-US","@id":"https:\/\/vulpe.ee\/ru\/#\/schema\/logo\/image\/","url":"https:\/\/www.vulpe.ee\/wp-content\/uploads\/2021\/10\/mummudlogo3-1.png","contentUrl":"https:\/\/www.vulpe.ee\/wp-content\/uploads\/2021\/10\/mummudlogo3-1.png","width":500,"height":200,"caption":"Mummud.ee"},"image":{"@id":"https:\/\/vulpe.ee\/ru\/#\/schema\/logo\/image\/"}}]}},"_links":{"self":[{"href":"https:\/\/vulpe.ee\/en\/wp-json\/wp\/v2\/product\/14535","targetHints":{"allow":["GET"]}}],"collection":[{"href":"https:\/\/vulpe.ee\/en\/wp-json\/wp\/v2\/product"}],"about":[{"href":"https:\/\/vulpe.ee\/en\/wp-json\/wp\/v2\/types\/product"}],"wp:featuredmedia":[{"embeddable":true,"href":"https:\/\/vulpe.ee\/en\/wp-json\/wp\/v2\/media\/14547"}],"wp:attachment":[{"href":"https:\/\/vulpe.ee\/en\/wp-json\/wp\/v2\/media?parent=14535"}],"wp:term":[{"taxonomy":"product_cat","embeddable":true,"href":"https:\/\/vulpe.ee\/en\/wp-json\/wp\/v2\/product_cat?post=14535"},{"taxonomy":"product_tag","embeddable":true,"href":"https:\/\/vulpe.ee\/en\/wp-json\/wp\/v2\/product_tag?post=14535"}],"curies":[{"name":"wp","href":"https:\/\/api.w.org\/{rel}","templated":true}]}}