{"id":15542,"date":"2021-12-20T12:47:04","date_gmt":"2021-12-20T12:47:04","guid":{"rendered":"https:\/\/vulpe.ee\/toode\/all-over-print-crop-tee\/"},"modified":"2022-01-10T11:34:47","modified_gmt":"2022-01-10T11:34:47","slug":"mummuline-luhike-t-sark-pipar","status":"publish","type":"product","link":"https:\/\/vulpe.ee\/en\/toode\/mummuline-luhike-t-sark-pipar\/","title":{"rendered":"Mummuline L\u00fchike T-s\u00e4rk Pipar"},"content":{"rendered":"<p>Meie prinditud mummulised l\u00fchikesed t-s\u00e4rgid on valmistatud k\u00e4sitsi, et tagada parim tulemus. Sellest t-s\u00e4rgist saab kindlasti sinu uus lemmik!<\/p>\n<p>\u2022 95% pol\u00fcester, 5% elastaan<br \/>\n\u2022 Veniv materjal, mis ei kaota oma esialgset vormi<br \/>\n\u2022 Toodetud Euroopas<br \/>\n\u2022 Toode ei ole laoartikkel. See on eritellimusel valmistatud<br \/>\n\u2022 Toote v\u00e4rvid v\u00f5ivad erineda sellest, mida n\u00e4ed oma ekraanil<\/p>\n","protected":false},"excerpt":{"rendered":"<p>Mida sa pipardad?<\/p>\n<p>Too oma ellu veidi r\u00f5\u00f5mu ja v\u00e4rvi meie \u00fclimugavate mummuliste l\u00fchikeste t-s\u00e4rkidega.<\/p>\n<p><a href=\"#pix_popup_15557\"><button class=\"sizeguidebtn button\" type=\"submit\">Vaata suuruste tabelit<\/button><\/a><\/p>\n","protected":false},"featured_media":15554,"template":"","meta":[],"product_cat":[92,93],"product_tag":[],"class_list":{"0":"post-15542","1":"product","2":"type-product","3":"status-publish","4":"has-post-thumbnail","6":"product_cat-crop","7":"product_cat-punane-crop","9":"first","10":"instock","11":"sale","12":"taxable","13":"shipping-taxable","14":"purchasable","15":"product-type-variable"},"yoast_head":"<!-- This site is optimized with the Yoast SEO plugin v23.5 - https:\/\/yoast.com\/wordpress\/plugins\/seo\/ -->\n<title>Mummuline L\u00fchike T-s\u00e4rk Pipar - Vulpe<\/title>\n<meta name=\"robots\" content=\"index, follow, max-snippet:-1, max-image-preview:large, max-video-preview:-1\" \/>\n<link rel=\"canonical\" href=\"https:\/\/vulpe.ee\/en\/toode\/mummuline-luhike-t-sark-pipar\/\" \/>\n<meta property=\"og:locale\" content=\"en_US\" \/>\n<meta property=\"og:locale:alternate\" content=\"et\" \/>\n<meta property=\"og:locale:alternate\" content=\"ru_RU\" \/>\n<meta property=\"og:type\" content=\"article\" \/>\n<meta property=\"og:title\" content=\"Mummuline L\u00fchike T-s\u00e4rk Pipar\" \/>\n<meta property=\"og:description\" content=\"Mida sa pipardad?  Too oma ellu veidi r\u00f5\u00f5mu ja v\u00e4rvi meie \u00fclimugavate mummuliste l\u00fchikeste t-s\u00e4rkidega.  Vaata suuruste tabelit\" \/>\n<meta property=\"og:url\" content=\"https:\/\/vulpe.ee\/en\/toode\/mummuline-luhike-t-sark-pipar\/\" \/>\n<meta property=\"og:site_name\" content=\"Vulpe\" \/>\n<meta property=\"article:modified_time\" content=\"2022-01-10T11:34:47+00:00\" \/>\n<meta property=\"og:image\" content=\"https:\/\/vulpe.ee\/wp-content\/uploads\/2021\/12\/all-over-print-crop-tee-white-left-61c07b3a5044d.jpg\" \/>\n\t<meta property=\"og:image:width\" content=\"1000\" \/>\n\t<meta property=\"og:image:height\" content=\"1000\" \/>\n\t<meta property=\"og:image:type\" content=\"image\/jpeg\" \/>\n<meta name=\"twitter:card\" content=\"summary_large_image\" \/>\n<script type=\"application\/ld+json\" class=\"yoast-schema-graph\">{\"@context\":\"https:\/\/schema.org\",\"@graph\":[{\"@type\":\"WebPage\",\"@id\":\"https:\/\/vulpe.ee\/toode\/mummuline-luhike-t-sark-pipar\/\",\"url\":\"https:\/\/vulpe.ee\/toode\/mummuline-luhike-t-sark-pipar\/\",\"name\":\"Mummuline L\u00fchike T-s\u00e4rk Pipar\",\"isPartOf\":{\"@id\":\"https:\/\/vulpe.ee\/ru\/#website\"},\"primaryImageOfPage\":{\"@id\":\"https:\/\/vulpe.ee\/toode\/mummuline-luhike-t-sark-pipar\/#primaryimage\"},\"image\":{\"@id\":\"https:\/\/vulpe.ee\/toode\/mummuline-luhike-t-sark-pipar\/#primaryimage\"},\"thumbnailUrl\":\"https:\/\/www.vulpe.ee\/wp-content\/uploads\/2021\/12\/all-over-print-crop-tee-white-left-61c07b3a5044d.jpg\",\"datePublished\":\"2021-12-20T12:47:04+00:00\",\"dateModified\":\"2022-01-10T11:34:47+00:00\",\"breadcrumb\":{\"@id\":\"https:\/\/vulpe.ee\/toode\/mummuline-luhike-t-sark-pipar\/#breadcrumb\"},\"inLanguage\":\"en-US\",\"potentialAction\":[{\"@type\":\"ReadAction\",\"target\":[\"https:\/\/vulpe.ee\/toode\/mummuline-luhike-t-sark-pipar\/\"]}]},{\"@type\":\"ImageObject\",\"inLanguage\":\"en-US\",\"@id\":\"https:\/\/vulpe.ee\/toode\/mummuline-luhike-t-sark-pipar\/#primaryimage\",\"url\":\"https:\/\/www.vulpe.ee\/wp-content\/uploads\/2021\/12\/all-over-print-crop-tee-white-left-61c07b3a5044d.jpg\",\"contentUrl\":\"https:\/\/www.vulpe.ee\/wp-content\/uploads\/2021\/12\/all-over-print-crop-tee-white-left-61c07b3a5044d.jpg\",\"width\":1000,\"height\":1000},{\"@type\":\"BreadcrumbList\",\"@id\":\"https:\/\/vulpe.ee\/toode\/mummuline-luhike-t-sark-pipar\/#breadcrumb\",\"itemListElement\":[{\"@type\":\"ListItem\",\"position\":1,\"name\":\"Home\",\"item\":\"https:\/\/vulpe.ee\/ru\/\"},{\"@type\":\"ListItem\",\"position\":2,\"name\":\"Pood\",\"item\":\"https:\/\/vulpe.ee\/ru\/pood\/\"},{\"@type\":\"ListItem\",\"position\":3,\"name\":\"Mummuline L\u00fchike T-s\u00e4rk Pipar\"}]},{\"@type\":\"WebSite\",\"@id\":\"https:\/\/vulpe.ee\/ru\/#website\",\"url\":\"https:\/\/vulpe.ee\/ru\/\",\"name\":\"Vulpe\",\"description\":\"\",\"publisher\":{\"@id\":\"https:\/\/vulpe.ee\/ru\/#organization\"},\"potentialAction\":[{\"@type\":\"SearchAction\",\"target\":{\"@type\":\"EntryPoint\",\"urlTemplate\":\"https:\/\/vulpe.ee\/ru\/?s={search_term_string}\"},\"query-input\":{\"@type\":\"PropertyValueSpecification\",\"valueRequired\":true,\"valueName\":\"search_term_string\"}}],\"inLanguage\":\"en-US\"},{\"@type\":\"Organization\",\"@id\":\"https:\/\/vulpe.ee\/ru\/#organization\",\"name\":\"Mummud.ee\",\"url\":\"https:\/\/vulpe.ee\/ru\/\",\"logo\":{\"@type\":\"ImageObject\",\"inLanguage\":\"en-US\",\"@id\":\"https:\/\/vulpe.ee\/ru\/#\/schema\/logo\/image\/\",\"url\":\"https:\/\/www.vulpe.ee\/wp-content\/uploads\/2021\/10\/mummudlogo3-1.png\",\"contentUrl\":\"https:\/\/www.vulpe.ee\/wp-content\/uploads\/2021\/10\/mummudlogo3-1.png\",\"width\":500,\"height\":200,\"caption\":\"Mummud.ee\"},\"image\":{\"@id\":\"https:\/\/vulpe.ee\/ru\/#\/schema\/logo\/image\/\"}}]}<\/script>\n<!-- \/ Yoast SEO plugin. -->","yoast_head_json":{"title":"Mummuline L\u00fchike T-s\u00e4rk Pipar - Vulpe","robots":{"index":"index","follow":"follow","max-snippet":"max-snippet:-1","max-image-preview":"max-image-preview:large","max-video-preview":"max-video-preview:-1"},"canonical":"https:\/\/vulpe.ee\/en\/toode\/mummuline-luhike-t-sark-pipar\/","og_locale":"en_US","og_type":"article","og_title":"[:et]Mummuline L\u00fchike T-s\u00e4rk Pipar[:] - Vulpe","og_description":"Mida sa pipardad?  Too oma ellu veidi r\u00f5\u00f5mu ja v\u00e4rvi meie \u00fclimugavate mummuliste l\u00fchikeste t-s\u00e4rkidega.  Vaata suuruste tabelit","og_url":"https:\/\/vulpe.ee\/en\/toode\/mummuline-luhike-t-sark-pipar\/","og_site_name":"Vulpe","article_modified_time":"2022-01-10T11:34:47+00:00","og_image":[{"width":1000,"height":1000,"url":"https:\/\/vulpe.ee\/wp-content\/uploads\/2021\/12\/all-over-print-crop-tee-white-left-61c07b3a5044d.jpg","type":"image\/jpeg"}],"twitter_card":"summary_large_image","schema":{"@context":"https:\/\/schema.org","@graph":[{"@type":"WebPage","@id":"https:\/\/vulpe.ee\/toode\/mummuline-luhike-t-sark-pipar\/","url":"https:\/\/vulpe.ee\/toode\/mummuline-luhike-t-sark-pipar\/","name":"Mummuline L\u00fchike T-s\u00e4rk Pipar","isPartOf":{"@id":"https:\/\/vulpe.ee\/ru\/#website"},"primaryImageOfPage":{"@id":"https:\/\/vulpe.ee\/toode\/mummuline-luhike-t-sark-pipar\/#primaryimage"},"image":{"@id":"https:\/\/vulpe.ee\/toode\/mummuline-luhike-t-sark-pipar\/#primaryimage"},"thumbnailUrl":"https:\/\/www.vulpe.ee\/wp-content\/uploads\/2021\/12\/all-over-print-crop-tee-white-left-61c07b3a5044d.jpg","datePublished":"2021-12-20T12:47:04+00:00","dateModified":"2022-01-10T11:34:47+00:00","breadcrumb":{"@id":"https:\/\/vulpe.ee\/toode\/mummuline-luhike-t-sark-pipar\/#breadcrumb"},"inLanguage":"en-US","potentialAction":[{"@type":"ReadAction","target":["https:\/\/vulpe.ee\/toode\/mummuline-luhike-t-sark-pipar\/"]}]},{"@type":"ImageObject","inLanguage":"en-US","@id":"https:\/\/vulpe.ee\/toode\/mummuline-luhike-t-sark-pipar\/#primaryimage","url":"https:\/\/www.vulpe.ee\/wp-content\/uploads\/2021\/12\/all-over-print-crop-tee-white-left-61c07b3a5044d.jpg","contentUrl":"https:\/\/www.vulpe.ee\/wp-content\/uploads\/2021\/12\/all-over-print-crop-tee-white-left-61c07b3a5044d.jpg","width":1000,"height":1000},{"@type":"BreadcrumbList","@id":"https:\/\/vulpe.ee\/toode\/mummuline-luhike-t-sark-pipar\/#breadcrumb","itemListElement":[{"@type":"ListItem","position":1,"name":"Home","item":"https:\/\/vulpe.ee\/ru\/"},{"@type":"ListItem","position":2,"name":"Pood","item":"https:\/\/vulpe.ee\/ru\/pood\/"},{"@type":"ListItem","position":3,"name":"Mummuline L\u00fchike T-s\u00e4rk Pipar"}]},{"@type":"WebSite","@id":"https:\/\/vulpe.ee\/ru\/#website","url":"https:\/\/vulpe.ee\/ru\/","name":"Vulpe","description":"","publisher":{"@id":"https:\/\/vulpe.ee\/ru\/#organization"},"potentialAction":[{"@type":"SearchAction","target":{"@type":"EntryPoint","urlTemplate":"https:\/\/vulpe.ee\/ru\/?s={search_term_string}"},"query-input":{"@type":"PropertyValueSpecification","valueRequired":true,"valueName":"search_term_string"}}],"inLanguage":"en-US"},{"@type":"Organization","@id":"https:\/\/vulpe.ee\/ru\/#organization","name":"Mummud.ee","url":"https:\/\/vulpe.ee\/ru\/","logo":{"@type":"ImageObject","inLanguage":"en-US","@id":"https:\/\/vulpe.ee\/ru\/#\/schema\/logo\/image\/","url":"https:\/\/www.vulpe.ee\/wp-content\/uploads\/2021\/10\/mummudlogo3-1.png","contentUrl":"https:\/\/www.vulpe.ee\/wp-content\/uploads\/2021\/10\/mummudlogo3-1.png","width":500,"height":200,"caption":"Mummud.ee"},"image":{"@id":"https:\/\/vulpe.ee\/ru\/#\/schema\/logo\/image\/"}}]}},"_links":{"self":[{"href":"https:\/\/vulpe.ee\/en\/wp-json\/wp\/v2\/product\/15542","targetHints":{"allow":["GET"]}}],"collection":[{"href":"https:\/\/vulpe.ee\/en\/wp-json\/wp\/v2\/product"}],"about":[{"href":"https:\/\/vulpe.ee\/en\/wp-json\/wp\/v2\/types\/product"}],"wp:featuredmedia":[{"embeddable":true,"href":"https:\/\/vulpe.ee\/en\/wp-json\/wp\/v2\/media\/15554"}],"wp:attachment":[{"href":"https:\/\/vulpe.ee\/en\/wp-json\/wp\/v2\/media?parent=15542"}],"wp:term":[{"taxonomy":"product_cat","embeddable":true,"href":"https:\/\/vulpe.ee\/en\/wp-json\/wp\/v2\/product_cat?post=15542"},{"taxonomy":"product_tag","embeddable":true,"href":"https:\/\/vulpe.ee\/en\/wp-json\/wp\/v2\/product_tag?post=15542"}],"curies":[{"name":"wp","href":"https:\/\/api.w.org\/{rel}","templated":true}]}}