{"id":22285,"date":"2022-09-22T18:04:03","date_gmt":"2022-09-22T18:04:03","guid":{"rendered":"https:\/\/vulpe.ee\/toode\/binocular-cartoon-unisex-t-shirt\/"},"modified":"2022-09-22T18:05:57","modified_gmt":"2022-09-22T18:05:57","slug":"binocular-cartoon-unisex-t-shirt","status":"publish","type":"product","link":"https:\/\/vulpe.ee\/en\/toode\/binocular-cartoon-unisex-t-shirt\/","title":{"rendered":"Binocular Cartoon Unisex t-shirt"},"content":{"rendered":"<p>See T-s\u00e4rk on k\u00f5ik, millest olete unistanud ja rohkemgi veel. See tundub pehme ja kerge ning \u00f5ige venivusega. See on mugav ja meeldib k\u00f5igile.<\/p>\n<p>\u2022 100% kammitud ja r\u00f5ngaskedratud puuvill (v\u00e4rvid sisaldavad pol\u00fcestrit)<br \/>\n\u2022 Kanga kaal: 142 g\/m\u00b2<br \/>\n\u2022 Eelkahandatud kangas<br \/>\n\u2022 K\u00fclg\u00f5mblusega konstruktsioon<br \/>\n\u2022 \u00d5lg-\u00f5la teipimine<\/p>\n","protected":false},"excerpt":{"rendered":"<p>See T-s\u00e4rk on k\u00f5ik, millest olete unistanud ja rohkemgi veel. See tundub pehme ja kerge ning \u00f5ige venivusega. See on mugav ja meeldib k\u00f5igile. \u2022 100% kammitud ja r\u00f5ngaskedratud puuvill (v\u00e4rvid sisaldavad pol\u00fcestrit) \u2022 Kanga kaal: 142 g\/m\u00b2 \u2022 Eelkahandatud&#8230;<\/p>\n","protected":false},"featured_media":22380,"template":"","meta":[],"product_cat":[133,132],"product_tag":[],"class_list":{"0":"post-22285","1":"product","2":"type-product","3":"status-publish","4":"has-post-thumbnail","6":"product_cat-cartoon","7":"product_cat-t-sark","9":"first","10":"instock","11":"taxable","12":"shipping-taxable","13":"purchasable","14":"product-type-variable"},"yoast_head":"<!-- This site is optimized with the Yoast SEO plugin v23.5 - https:\/\/yoast.com\/wordpress\/plugins\/seo\/ -->\n<title>Binocular Cartoon Unisex t-shirt - Vulpe<\/title>\n<meta name=\"robots\" content=\"index, follow, max-snippet:-1, max-image-preview:large, max-video-preview:-1\" \/>\n<link rel=\"canonical\" href=\"https:\/\/vulpe.ee\/en\/toode\/binocular-cartoon-unisex-t-shirt\/\" \/>\n<meta property=\"og:locale\" content=\"en_US\" \/>\n<meta property=\"og:locale:alternate\" content=\"et\" \/>\n<meta property=\"og:locale:alternate\" content=\"ru_RU\" \/>\n<meta property=\"og:type\" content=\"article\" \/>\n<meta property=\"og:title\" content=\"Binocular Cartoon Unisex t-shirt\" \/>\n<meta property=\"og:description\" content=\"See T-s\u00e4rk on k\u00f5ik, millest olete unistanud ja rohkemgi veel. See tundub pehme ja kerge ning \u00f5ige venivusega. See on mugav ja meeldib k\u00f5igile. \u2022 100% kammitud ja r\u00f5ngaskedratud puuvill (v\u00e4rvid sisaldavad pol\u00fcestrit) \u2022 Kanga kaal: 142 g\/m\u00b2 \u2022 Eelkahandatud...\" \/>\n<meta property=\"og:url\" content=\"https:\/\/vulpe.ee\/en\/toode\/binocular-cartoon-unisex-t-shirt\/\" \/>\n<meta property=\"og:site_name\" content=\"Vulpe\" \/>\n<meta property=\"article:modified_time\" content=\"2022-09-22T18:05:57+00:00\" \/>\n<meta property=\"og:image\" content=\"https:\/\/www.vulpe.ee\/wp-content\/uploads\/2022\/09\/unisex-staple-t-shirt-white-front-632ca36a5da8f.jpg\" \/>\n\t<meta property=\"og:image:width\" content=\"1000\" \/>\n\t<meta property=\"og:image:height\" content=\"1000\" \/>\n\t<meta property=\"og:image:type\" content=\"image\/jpeg\" \/>\n<meta name=\"twitter:card\" content=\"summary_large_image\" \/>\n<script type=\"application\/ld+json\" class=\"yoast-schema-graph\">{\"@context\":\"https:\/\/schema.org\",\"@graph\":[{\"@type\":\"WebPage\",\"@id\":\"https:\/\/vulpe.ee\/toode\/binocular-cartoon-unisex-t-shirt\/\",\"url\":\"https:\/\/vulpe.ee\/toode\/binocular-cartoon-unisex-t-shirt\/\",\"name\":\"Binocular Cartoon Unisex t-shirt\",\"isPartOf\":{\"@id\":\"https:\/\/vulpe.ee\/ru\/#website\"},\"primaryImageOfPage\":{\"@id\":\"https:\/\/vulpe.ee\/toode\/binocular-cartoon-unisex-t-shirt\/#primaryimage\"},\"image\":{\"@id\":\"https:\/\/vulpe.ee\/toode\/binocular-cartoon-unisex-t-shirt\/#primaryimage\"},\"thumbnailUrl\":\"https:\/\/vulpe.ee\/wp-content\/uploads\/2022\/09\/unisex-staple-t-shirt-white-front-632ca36a5da8f.jpg\",\"datePublished\":\"2022-09-22T18:04:03+00:00\",\"dateModified\":\"2022-09-22T18:05:57+00:00\",\"breadcrumb\":{\"@id\":\"https:\/\/vulpe.ee\/toode\/binocular-cartoon-unisex-t-shirt\/#breadcrumb\"},\"inLanguage\":\"en-US\",\"potentialAction\":[{\"@type\":\"ReadAction\",\"target\":[\"https:\/\/vulpe.ee\/toode\/binocular-cartoon-unisex-t-shirt\/\"]}]},{\"@type\":\"ImageObject\",\"inLanguage\":\"en-US\",\"@id\":\"https:\/\/vulpe.ee\/toode\/binocular-cartoon-unisex-t-shirt\/#primaryimage\",\"url\":\"https:\/\/vulpe.ee\/wp-content\/uploads\/2022\/09\/unisex-staple-t-shirt-white-front-632ca36a5da8f.jpg\",\"contentUrl\":\"https:\/\/vulpe.ee\/wp-content\/uploads\/2022\/09\/unisex-staple-t-shirt-white-front-632ca36a5da8f.jpg\",\"width\":1000,\"height\":1000},{\"@type\":\"BreadcrumbList\",\"@id\":\"https:\/\/vulpe.ee\/toode\/binocular-cartoon-unisex-t-shirt\/#breadcrumb\",\"itemListElement\":[{\"@type\":\"ListItem\",\"position\":1,\"name\":\"Home\",\"item\":\"https:\/\/vulpe.ee\/ru\/\"},{\"@type\":\"ListItem\",\"position\":2,\"name\":\"Pood\",\"item\":\"https:\/\/vulpe.ee\/ru\/pood\/\"},{\"@type\":\"ListItem\",\"position\":3,\"name\":\"Binocular Cartoon Unisex t-shirt\"}]},{\"@type\":\"WebSite\",\"@id\":\"https:\/\/vulpe.ee\/ru\/#website\",\"url\":\"https:\/\/vulpe.ee\/ru\/\",\"name\":\"Vulpe\",\"description\":\"\",\"publisher\":{\"@id\":\"https:\/\/vulpe.ee\/ru\/#organization\"},\"potentialAction\":[{\"@type\":\"SearchAction\",\"target\":{\"@type\":\"EntryPoint\",\"urlTemplate\":\"https:\/\/vulpe.ee\/ru\/?s={search_term_string}\"},\"query-input\":{\"@type\":\"PropertyValueSpecification\",\"valueRequired\":true,\"valueName\":\"search_term_string\"}}],\"inLanguage\":\"en-US\"},{\"@type\":\"Organization\",\"@id\":\"https:\/\/vulpe.ee\/ru\/#organization\",\"name\":\"Mummud.ee\",\"url\":\"https:\/\/vulpe.ee\/ru\/\",\"logo\":{\"@type\":\"ImageObject\",\"inLanguage\":\"en-US\",\"@id\":\"https:\/\/vulpe.ee\/ru\/#\/schema\/logo\/image\/\",\"url\":\"https:\/\/www.vulpe.ee\/wp-content\/uploads\/2021\/10\/mummudlogo3-1.png\",\"contentUrl\":\"https:\/\/www.vulpe.ee\/wp-content\/uploads\/2021\/10\/mummudlogo3-1.png\",\"width\":500,\"height\":200,\"caption\":\"Mummud.ee\"},\"image\":{\"@id\":\"https:\/\/vulpe.ee\/ru\/#\/schema\/logo\/image\/\"}}]}<\/script>\n<!-- \/ Yoast SEO plugin. -->","yoast_head_json":{"title":"Binocular Cartoon Unisex t-shirt - Vulpe","robots":{"index":"index","follow":"follow","max-snippet":"max-snippet:-1","max-image-preview":"max-image-preview:large","max-video-preview":"max-video-preview:-1"},"canonical":"https:\/\/vulpe.ee\/en\/toode\/binocular-cartoon-unisex-t-shirt\/","og_locale":"en_US","og_type":"article","og_title":"[:et]Binocular Cartoon Unisex t-shirt[:] - Vulpe","og_description":"See T-s\u00e4rk on k\u00f5ik, millest olete unistanud ja rohkemgi veel. See tundub pehme ja kerge ning \u00f5ige venivusega. See on mugav ja meeldib k\u00f5igile. \u2022 100% kammitud ja r\u00f5ngaskedratud puuvill (v\u00e4rvid sisaldavad pol\u00fcestrit) \u2022 Kanga kaal: 142 g\/m\u00b2 \u2022 Eelkahandatud...","og_url":"https:\/\/vulpe.ee\/en\/toode\/binocular-cartoon-unisex-t-shirt\/","og_site_name":"Vulpe","article_modified_time":"2022-09-22T18:05:57+00:00","og_image":[{"width":1000,"height":1000,"url":"https:\/\/www.vulpe.ee\/wp-content\/uploads\/2022\/09\/unisex-staple-t-shirt-white-front-632ca36a5da8f.jpg","type":"image\/jpeg"}],"twitter_card":"summary_large_image","schema":{"@context":"https:\/\/schema.org","@graph":[{"@type":"WebPage","@id":"https:\/\/vulpe.ee\/toode\/binocular-cartoon-unisex-t-shirt\/","url":"https:\/\/vulpe.ee\/toode\/binocular-cartoon-unisex-t-shirt\/","name":"Binocular Cartoon Unisex t-shirt","isPartOf":{"@id":"https:\/\/vulpe.ee\/ru\/#website"},"primaryImageOfPage":{"@id":"https:\/\/vulpe.ee\/toode\/binocular-cartoon-unisex-t-shirt\/#primaryimage"},"image":{"@id":"https:\/\/vulpe.ee\/toode\/binocular-cartoon-unisex-t-shirt\/#primaryimage"},"thumbnailUrl":"https:\/\/vulpe.ee\/wp-content\/uploads\/2022\/09\/unisex-staple-t-shirt-white-front-632ca36a5da8f.jpg","datePublished":"2022-09-22T18:04:03+00:00","dateModified":"2022-09-22T18:05:57+00:00","breadcrumb":{"@id":"https:\/\/vulpe.ee\/toode\/binocular-cartoon-unisex-t-shirt\/#breadcrumb"},"inLanguage":"en-US","potentialAction":[{"@type":"ReadAction","target":["https:\/\/vulpe.ee\/toode\/binocular-cartoon-unisex-t-shirt\/"]}]},{"@type":"ImageObject","inLanguage":"en-US","@id":"https:\/\/vulpe.ee\/toode\/binocular-cartoon-unisex-t-shirt\/#primaryimage","url":"https:\/\/vulpe.ee\/wp-content\/uploads\/2022\/09\/unisex-staple-t-shirt-white-front-632ca36a5da8f.jpg","contentUrl":"https:\/\/vulpe.ee\/wp-content\/uploads\/2022\/09\/unisex-staple-t-shirt-white-front-632ca36a5da8f.jpg","width":1000,"height":1000},{"@type":"BreadcrumbList","@id":"https:\/\/vulpe.ee\/toode\/binocular-cartoon-unisex-t-shirt\/#breadcrumb","itemListElement":[{"@type":"ListItem","position":1,"name":"Home","item":"https:\/\/vulpe.ee\/ru\/"},{"@type":"ListItem","position":2,"name":"Pood","item":"https:\/\/vulpe.ee\/ru\/pood\/"},{"@type":"ListItem","position":3,"name":"Binocular Cartoon Unisex t-shirt"}]},{"@type":"WebSite","@id":"https:\/\/vulpe.ee\/ru\/#website","url":"https:\/\/vulpe.ee\/ru\/","name":"Vulpe","description":"","publisher":{"@id":"https:\/\/vulpe.ee\/ru\/#organization"},"potentialAction":[{"@type":"SearchAction","target":{"@type":"EntryPoint","urlTemplate":"https:\/\/vulpe.ee\/ru\/?s={search_term_string}"},"query-input":{"@type":"PropertyValueSpecification","valueRequired":true,"valueName":"search_term_string"}}],"inLanguage":"en-US"},{"@type":"Organization","@id":"https:\/\/vulpe.ee\/ru\/#organization","name":"Mummud.ee","url":"https:\/\/vulpe.ee\/ru\/","logo":{"@type":"ImageObject","inLanguage":"en-US","@id":"https:\/\/vulpe.ee\/ru\/#\/schema\/logo\/image\/","url":"https:\/\/www.vulpe.ee\/wp-content\/uploads\/2021\/10\/mummudlogo3-1.png","contentUrl":"https:\/\/www.vulpe.ee\/wp-content\/uploads\/2021\/10\/mummudlogo3-1.png","width":500,"height":200,"caption":"Mummud.ee"},"image":{"@id":"https:\/\/vulpe.ee\/ru\/#\/schema\/logo\/image\/"}}]}},"_links":{"self":[{"href":"https:\/\/vulpe.ee\/en\/wp-json\/wp\/v2\/product\/22285","targetHints":{"allow":["GET"]}}],"collection":[{"href":"https:\/\/vulpe.ee\/en\/wp-json\/wp\/v2\/product"}],"about":[{"href":"https:\/\/vulpe.ee\/en\/wp-json\/wp\/v2\/types\/product"}],"wp:featuredmedia":[{"embeddable":true,"href":"https:\/\/vulpe.ee\/en\/wp-json\/wp\/v2\/media\/22380"}],"wp:attachment":[{"href":"https:\/\/vulpe.ee\/en\/wp-json\/wp\/v2\/media?parent=22285"}],"wp:term":[{"taxonomy":"product_cat","embeddable":true,"href":"https:\/\/vulpe.ee\/en\/wp-json\/wp\/v2\/product_cat?post=22285"},{"taxonomy":"product_tag","embeddable":true,"href":"https:\/\/vulpe.ee\/en\/wp-json\/wp\/v2\/product_tag?post=22285"}],"curies":[{"name":"wp","href":"https:\/\/api.w.org\/{rel}","templated":true}]}}