{"id":23347,"date":"2023-06-19T10:46:10","date_gmt":"2023-06-19T10:46:10","guid":{"rendered":"https:\/\/vulpe.ee\/toode\/unisex-sweatshirt-3\/"},"modified":"2023-06-19T10:46:39","modified_gmt":"2023-06-19T10:46:39","slug":"unisex-sweatshirt-3","status":"publish","type":"product","link":"https:\/\/vulpe.ee\/en\/toode\/unisex-sweatshirt-3\/","title":{"rendered":"Unisex Sweatshirt"},"content":{"rendered":"<p>A sturdy and warm sweatshirt bound to keep you warm in the colder months. A pre-shrunk, classic fit sweater that&#8217;s made with air-jet spun yarn for a soft feel and reduced pilling.<\/p>\n<p>\u2022 50% cotton, 50% polyester<br \/>\n\u2022 Pre-shrunk<br \/>\n\u2022 Classic fit<br \/>\n\u2022 1&#215;1 athletic rib knit collar with spandex<br \/>\n\u2022 Air-jet spun yarn with a soft feel and reduced pilling<br \/>\n\u2022 Double-needle stitched collar, shoulders, armholes, cuffs, and hem<\/p>\n<p>Kogege t\u00e4ielikku mugavust, kus toodet tehakse teie tellimuse p\u00f5hjal miHuud-i poolt. Iga ese valmistatakse hoolika ja t\u00e4psusega ainult teile, hetkel kui te tellite. Valides selle teenuse, saate mitte ainult \u00fche oma kindla eseme, vaid ka panustate \u00fcle tootmise v\u00e4hendamisele, millega kaasa aitab teie valik teha maailma paremaks. Ait\u00e4h teile teadlikult valikute tegemise eest. Tellige kohe ja valmistuge seltskonnas silma paistma miHuud-i poolt valmistatud toodetega!<\/p>\n","protected":false},"excerpt":{"rendered":"<p>A sturdy and warm sweatshirt bound to keep you warm in the colder months. A pre-shrunk, classic fit sweater that&#8217;s made with air-jet spun yarn for a soft feel and reduced pilling. \u2022 50% cotton, 50% polyester \u2022 Pre-shrunk \u2022&#8230;<\/p>\n","protected":false},"featured_media":23353,"template":"","meta":[],"product_cat":[133],"product_tag":[],"class_list":{"0":"post-23347","1":"product","2":"type-product","3":"status-publish","4":"has-post-thumbnail","6":"product_cat-cartoon","8":"first","9":"instock","10":"taxable","11":"shipping-taxable","12":"purchasable","13":"product-type-variable"},"yoast_head":"<!-- This site is optimized with the Yoast SEO plugin v23.5 - https:\/\/yoast.com\/wordpress\/plugins\/seo\/ -->\n<title>Unisex Sweatshirt - Vulpe<\/title>\n<meta name=\"robots\" content=\"index, follow, max-snippet:-1, max-image-preview:large, max-video-preview:-1\" \/>\n<link rel=\"canonical\" href=\"https:\/\/vulpe.ee\/en\/toode\/unisex-sweatshirt-3\/\" \/>\n<meta property=\"og:locale\" content=\"en_US\" \/>\n<meta property=\"og:locale:alternate\" content=\"et\" \/>\n<meta property=\"og:locale:alternate\" content=\"ru_RU\" \/>\n<meta property=\"og:type\" content=\"article\" \/>\n<meta property=\"og:title\" content=\"Unisex Sweatshirt\" \/>\n<meta property=\"og:description\" content=\"A sturdy and warm sweatshirt bound to keep you warm in the colder months. A pre-shrunk, classic fit sweater that&#8217;s made with air-jet spun yarn for a soft feel and reduced pilling. \u2022 50% cotton, 50% polyester \u2022 Pre-shrunk \u2022...\" \/>\n<meta property=\"og:url\" content=\"https:\/\/vulpe.ee\/en\/toode\/unisex-sweatshirt-3\/\" \/>\n<meta property=\"og:site_name\" content=\"Vulpe\" \/>\n<meta property=\"article:modified_time\" content=\"2023-06-19T10:46:39+00:00\" \/>\n<meta property=\"og:image\" content=\"https:\/\/www.vulpe.ee\/wp-content\/uploads\/2023\/06\/unisex-crew-neck-sweatshirt-maroon-front-649031d5bd9c7.jpg\" \/>\n\t<meta property=\"og:image:width\" content=\"2000\" \/>\n\t<meta property=\"og:image:height\" content=\"2000\" \/>\n\t<meta property=\"og:image:type\" content=\"image\/jpeg\" \/>\n<meta name=\"twitter:card\" content=\"summary_large_image\" \/>\n<meta name=\"twitter:label1\" content=\"Est. reading time\" \/>\n\t<meta name=\"twitter:data1\" content=\"1 minute\" \/>\n<script type=\"application\/ld+json\" class=\"yoast-schema-graph\">{\"@context\":\"https:\/\/schema.org\",\"@graph\":[{\"@type\":\"WebPage\",\"@id\":\"https:\/\/vulpe.ee\/en\/toode\/unisex-sweatshirt-3\/\",\"url\":\"https:\/\/vulpe.ee\/en\/toode\/unisex-sweatshirt-3\/\",\"name\":\"Unisex Sweatshirt\",\"isPartOf\":{\"@id\":\"https:\/\/vulpe.ee\/ru\/#website\"},\"primaryImageOfPage\":{\"@id\":\"https:\/\/vulpe.ee\/en\/toode\/unisex-sweatshirt-3\/#primaryimage\"},\"image\":{\"@id\":\"https:\/\/vulpe.ee\/en\/toode\/unisex-sweatshirt-3\/#primaryimage\"},\"thumbnailUrl\":\"https:\/\/vulpe.ee\/wp-content\/uploads\/2023\/06\/unisex-crew-neck-sweatshirt-maroon-front-649031d5bd9c7.jpg\",\"datePublished\":\"2023-06-19T10:46:10+00:00\",\"dateModified\":\"2023-06-19T10:46:39+00:00\",\"breadcrumb\":{\"@id\":\"https:\/\/vulpe.ee\/en\/toode\/unisex-sweatshirt-3\/#breadcrumb\"},\"inLanguage\":\"en-US\",\"potentialAction\":[{\"@type\":\"ReadAction\",\"target\":[\"https:\/\/vulpe.ee\/en\/toode\/unisex-sweatshirt-3\/\"]}]},{\"@type\":\"ImageObject\",\"inLanguage\":\"en-US\",\"@id\":\"https:\/\/vulpe.ee\/en\/toode\/unisex-sweatshirt-3\/#primaryimage\",\"url\":\"https:\/\/vulpe.ee\/wp-content\/uploads\/2023\/06\/unisex-crew-neck-sweatshirt-maroon-front-649031d5bd9c7.jpg\",\"contentUrl\":\"https:\/\/vulpe.ee\/wp-content\/uploads\/2023\/06\/unisex-crew-neck-sweatshirt-maroon-front-649031d5bd9c7.jpg\",\"width\":2000,\"height\":2000},{\"@type\":\"BreadcrumbList\",\"@id\":\"https:\/\/vulpe.ee\/en\/toode\/unisex-sweatshirt-3\/#breadcrumb\",\"itemListElement\":[{\"@type\":\"ListItem\",\"position\":1,\"name\":\"Home\",\"item\":\"https:\/\/vulpe.ee\/ru\/\"},{\"@type\":\"ListItem\",\"position\":2,\"name\":\"Pood\",\"item\":\"https:\/\/vulpe.ee\/ru\/pood\/\"},{\"@type\":\"ListItem\",\"position\":3,\"name\":\"Unisex Sweatshirt\"}]},{\"@type\":\"WebSite\",\"@id\":\"https:\/\/vulpe.ee\/ru\/#website\",\"url\":\"https:\/\/vulpe.ee\/ru\/\",\"name\":\"Vulpe\",\"description\":\"\",\"publisher\":{\"@id\":\"https:\/\/vulpe.ee\/ru\/#organization\"},\"potentialAction\":[{\"@type\":\"SearchAction\",\"target\":{\"@type\":\"EntryPoint\",\"urlTemplate\":\"https:\/\/vulpe.ee\/ru\/?s={search_term_string}\"},\"query-input\":{\"@type\":\"PropertyValueSpecification\",\"valueRequired\":true,\"valueName\":\"search_term_string\"}}],\"inLanguage\":\"en-US\"},{\"@type\":\"Organization\",\"@id\":\"https:\/\/vulpe.ee\/ru\/#organization\",\"name\":\"Mummud.ee\",\"url\":\"https:\/\/vulpe.ee\/ru\/\",\"logo\":{\"@type\":\"ImageObject\",\"inLanguage\":\"en-US\",\"@id\":\"https:\/\/vulpe.ee\/ru\/#\/schema\/logo\/image\/\",\"url\":\"https:\/\/www.vulpe.ee\/wp-content\/uploads\/2021\/10\/mummudlogo3-1.png\",\"contentUrl\":\"https:\/\/www.vulpe.ee\/wp-content\/uploads\/2021\/10\/mummudlogo3-1.png\",\"width\":500,\"height\":200,\"caption\":\"Mummud.ee\"},\"image\":{\"@id\":\"https:\/\/vulpe.ee\/ru\/#\/schema\/logo\/image\/\"}}]}<\/script>\n<!-- \/ Yoast SEO plugin. -->","yoast_head_json":{"title":"Unisex Sweatshirt - Vulpe","robots":{"index":"index","follow":"follow","max-snippet":"max-snippet:-1","max-image-preview":"max-image-preview:large","max-video-preview":"max-video-preview:-1"},"canonical":"https:\/\/vulpe.ee\/en\/toode\/unisex-sweatshirt-3\/","og_locale":"en_US","og_type":"article","og_title":"[:et]Unisex Sweatshirt[:] - Vulpe","og_description":"A sturdy and warm sweatshirt bound to keep you warm in the colder months. A pre-shrunk, classic fit sweater that&#8217;s made with air-jet spun yarn for a soft feel and reduced pilling. \u2022 50% cotton, 50% polyester \u2022 Pre-shrunk \u2022...","og_url":"https:\/\/vulpe.ee\/en\/toode\/unisex-sweatshirt-3\/","og_site_name":"Vulpe","article_modified_time":"2023-06-19T10:46:39+00:00","og_image":[{"width":2000,"height":2000,"url":"https:\/\/www.vulpe.ee\/wp-content\/uploads\/2023\/06\/unisex-crew-neck-sweatshirt-maroon-front-649031d5bd9c7.jpg","type":"image\/jpeg"}],"twitter_card":"summary_large_image","twitter_misc":{"Est. reading time":"1 minute"},"schema":{"@context":"https:\/\/schema.org","@graph":[{"@type":"WebPage","@id":"https:\/\/vulpe.ee\/en\/toode\/unisex-sweatshirt-3\/","url":"https:\/\/vulpe.ee\/en\/toode\/unisex-sweatshirt-3\/","name":"Unisex Sweatshirt","isPartOf":{"@id":"https:\/\/vulpe.ee\/ru\/#website"},"primaryImageOfPage":{"@id":"https:\/\/vulpe.ee\/en\/toode\/unisex-sweatshirt-3\/#primaryimage"},"image":{"@id":"https:\/\/vulpe.ee\/en\/toode\/unisex-sweatshirt-3\/#primaryimage"},"thumbnailUrl":"https:\/\/vulpe.ee\/wp-content\/uploads\/2023\/06\/unisex-crew-neck-sweatshirt-maroon-front-649031d5bd9c7.jpg","datePublished":"2023-06-19T10:46:10+00:00","dateModified":"2023-06-19T10:46:39+00:00","breadcrumb":{"@id":"https:\/\/vulpe.ee\/en\/toode\/unisex-sweatshirt-3\/#breadcrumb"},"inLanguage":"en-US","potentialAction":[{"@type":"ReadAction","target":["https:\/\/vulpe.ee\/en\/toode\/unisex-sweatshirt-3\/"]}]},{"@type":"ImageObject","inLanguage":"en-US","@id":"https:\/\/vulpe.ee\/en\/toode\/unisex-sweatshirt-3\/#primaryimage","url":"https:\/\/vulpe.ee\/wp-content\/uploads\/2023\/06\/unisex-crew-neck-sweatshirt-maroon-front-649031d5bd9c7.jpg","contentUrl":"https:\/\/vulpe.ee\/wp-content\/uploads\/2023\/06\/unisex-crew-neck-sweatshirt-maroon-front-649031d5bd9c7.jpg","width":2000,"height":2000},{"@type":"BreadcrumbList","@id":"https:\/\/vulpe.ee\/en\/toode\/unisex-sweatshirt-3\/#breadcrumb","itemListElement":[{"@type":"ListItem","position":1,"name":"Home","item":"https:\/\/vulpe.ee\/ru\/"},{"@type":"ListItem","position":2,"name":"Pood","item":"https:\/\/vulpe.ee\/ru\/pood\/"},{"@type":"ListItem","position":3,"name":"Unisex Sweatshirt"}]},{"@type":"WebSite","@id":"https:\/\/vulpe.ee\/ru\/#website","url":"https:\/\/vulpe.ee\/ru\/","name":"Vulpe","description":"","publisher":{"@id":"https:\/\/vulpe.ee\/ru\/#organization"},"potentialAction":[{"@type":"SearchAction","target":{"@type":"EntryPoint","urlTemplate":"https:\/\/vulpe.ee\/ru\/?s={search_term_string}"},"query-input":{"@type":"PropertyValueSpecification","valueRequired":true,"valueName":"search_term_string"}}],"inLanguage":"en-US"},{"@type":"Organization","@id":"https:\/\/vulpe.ee\/ru\/#organization","name":"Mummud.ee","url":"https:\/\/vulpe.ee\/ru\/","logo":{"@type":"ImageObject","inLanguage":"en-US","@id":"https:\/\/vulpe.ee\/ru\/#\/schema\/logo\/image\/","url":"https:\/\/www.vulpe.ee\/wp-content\/uploads\/2021\/10\/mummudlogo3-1.png","contentUrl":"https:\/\/www.vulpe.ee\/wp-content\/uploads\/2021\/10\/mummudlogo3-1.png","width":500,"height":200,"caption":"Mummud.ee"},"image":{"@id":"https:\/\/vulpe.ee\/ru\/#\/schema\/logo\/image\/"}}]}},"_links":{"self":[{"href":"https:\/\/vulpe.ee\/en\/wp-json\/wp\/v2\/product\/23347","targetHints":{"allow":["GET"]}}],"collection":[{"href":"https:\/\/vulpe.ee\/en\/wp-json\/wp\/v2\/product"}],"about":[{"href":"https:\/\/vulpe.ee\/en\/wp-json\/wp\/v2\/types\/product"}],"wp:featuredmedia":[{"embeddable":true,"href":"https:\/\/vulpe.ee\/en\/wp-json\/wp\/v2\/media\/23353"}],"wp:attachment":[{"href":"https:\/\/vulpe.ee\/en\/wp-json\/wp\/v2\/media?parent=23347"}],"wp:term":[{"taxonomy":"product_cat","embeddable":true,"href":"https:\/\/vulpe.ee\/en\/wp-json\/wp\/v2\/product_cat?post=23347"},{"taxonomy":"product_tag","embeddable":true,"href":"https:\/\/vulpe.ee\/en\/wp-json\/wp\/v2\/product_tag?post=23347"}],"curies":[{"name":"wp","href":"https:\/\/api.w.org\/{rel}","templated":true}]}}