{"id":23635,"date":"2024-01-17T12:27:30","date_gmt":"2024-01-17T12:27:30","guid":{"rendered":"https:\/\/vulpe.ee\/toode\/kaitsetahe-unisex-t-sark\/"},"modified":"2024-01-17T12:27:55","modified_gmt":"2024-01-17T12:27:55","slug":"kaitsetahe-unisex-t-sark","status":"publish","type":"product","link":"https:\/\/vulpe.ee\/en\/toode\/kaitsetahe-unisex-t-sark\/","title":{"rendered":"Kaitsetahe Unisex T-S\u00e4rk"},"content":{"rendered":"<p>See unisex t-s\u00e4rk on valmistatud 100% orgaanilisest r\u00f5ngaskedratud puuvillast ja see on kohustuslik. See on kvaliteetne, \u00fclimugav ja mis k\u00f5ige parem \u2013 keskkonnas\u00f5bralik.<\/p>\n<p>\u2022 100% orgaaniline r\u00f5ngaskedratud puuvill<br \/>\n\u2022 Kanga kaal: 5,3 untsi\/yd.\u00b2 (180 g\/m\u00b2)<br \/>\n\u2022 \u00dcksiks\u00e4rk<br \/>\n\u2022 Keskmise sobivusega<br \/>\n\u2022 Kinnitatavad varrukad<br \/>\n\u2022 1 \u00d7 1 soonik krae juures<br \/>\n\u2022 Varrukatel ja all\u00e4\u00e4rtel lai topeltn\u00f5eltega \u00f5mblus<br \/>\n\u2022 Isekangastest kaelateip (sees, kaela taga)<br \/>\n\u2022 Bangladeshist p\u00e4rit t\u00fchi toode<\/p>\n<p>Suurused vastavad USA turul v\u00e4iksemale suurusele, seega peaksid USA kliendid tellima suurema suuruse.<\/p>\n","protected":false},"excerpt":{"rendered":"<p>See unisex t-s\u00e4rk on valmistatud 100% orgaanilisest r\u00f5ngaskedratud puuvillast ja see on kohustuslik. See on kvaliteetne, \u00fclimugav ja mis k\u00f5ige parem \u2013 keskkonnas\u00f5bralik. \u2022 100% orgaaniline r\u00f5ngaskedratud puuvill \u2022 Kanga kaal: 5,3 untsi\/yd.\u00b2 (180 g\/m\u00b2) \u2022 \u00dcksiks\u00e4rk \u2022 Keskmise sobivusega&#8230;<\/p>\n","protected":false},"featured_media":23641,"template":"","meta":[],"product_cat":[187],"product_tag":[],"class_list":{"0":"post-23635","1":"product","2":"type-product","3":"status-publish","4":"has-post-thumbnail","6":"product_cat-kaitsetahe","8":"first","9":"instock","10":"taxable","11":"shipping-taxable","12":"purchasable","13":"product-type-variable"},"yoast_head":"<!-- This site is optimized with the Yoast SEO plugin v23.5 - https:\/\/yoast.com\/wordpress\/plugins\/seo\/ -->\n<title>Kaitsetahe Unisex T-S\u00e4rk - Vulpe<\/title>\n<meta name=\"robots\" content=\"index, follow, max-snippet:-1, max-image-preview:large, max-video-preview:-1\" \/>\n<link rel=\"canonical\" href=\"https:\/\/www.vulpe.ee\/toode\/kaitsetahe-unisex-t-sark\/\" \/>\n<meta property=\"og:locale\" content=\"en_US\" \/>\n<meta property=\"og:locale:alternate\" content=\"et\" \/>\n<meta property=\"og:locale:alternate\" content=\"ru_RU\" \/>\n<meta property=\"og:type\" content=\"article\" \/>\n<meta property=\"og:title\" content=\"Kaitsetahe Unisex T-S\u00e4rk\" \/>\n<meta property=\"og:description\" content=\"See unisex t-s\u00e4rk on valmistatud 100% orgaanilisest r\u00f5ngaskedratud puuvillast ja see on kohustuslik. See on kvaliteetne, \u00fclimugav ja mis k\u00f5ige parem \u2013 keskkonnas\u00f5bralik. \u2022 100% orgaaniline r\u00f5ngaskedratud puuvill \u2022 Kanga kaal: 5,3 untsi\/yd.\u00b2 (180 g\/m\u00b2) \u2022 \u00dcksiks\u00e4rk \u2022 Keskmise sobivusega...\" \/>\n<meta property=\"og:url\" content=\"https:\/\/vulpe.ee\/en\/toode\/kaitsetahe-unisex-t-sark\/\" \/>\n<meta property=\"og:site_name\" content=\"Vulpe\" \/>\n<meta property=\"article:modified_time\" content=\"2024-01-17T12:27:55+00:00\" \/>\n<meta property=\"og:image\" content=\"https:\/\/vulpe.ee\/wp-content\/uploads\/2024\/01\/unisex-organic-cotton-t-shirt-khaki-front-65a7c79ecb5e7.jpg\" \/>\n\t<meta property=\"og:image:width\" content=\"2000\" \/>\n\t<meta property=\"og:image:height\" content=\"2000\" \/>\n\t<meta property=\"og:image:type\" content=\"image\/jpeg\" \/>\n<meta name=\"twitter:card\" content=\"summary_large_image\" \/>\n<script type=\"application\/ld+json\" class=\"yoast-schema-graph\">{\"@context\":\"https:\/\/schema.org\",\"@graph\":[{\"@type\":\"WebPage\",\"@id\":\"https:\/\/www.vulpe.ee\/toode\/kaitsetahe-unisex-t-sark\/\",\"url\":\"https:\/\/www.vulpe.ee\/toode\/kaitsetahe-unisex-t-sark\/\",\"name\":\"Kaitsetahe Unisex T-S\u00e4rk\",\"isPartOf\":{\"@id\":\"https:\/\/vulpe.ee\/ru\/#website\"},\"primaryImageOfPage\":{\"@id\":\"https:\/\/www.vulpe.ee\/toode\/kaitsetahe-unisex-t-sark\/#primaryimage\"},\"image\":{\"@id\":\"https:\/\/www.vulpe.ee\/toode\/kaitsetahe-unisex-t-sark\/#primaryimage\"},\"thumbnailUrl\":\"https:\/\/vulpe.ee\/wp-content\/uploads\/2024\/01\/unisex-organic-cotton-t-shirt-khaki-front-65a7c79ecb5e7.jpg\",\"datePublished\":\"2024-01-17T12:27:30+00:00\",\"dateModified\":\"2024-01-17T12:27:55+00:00\",\"breadcrumb\":{\"@id\":\"https:\/\/www.vulpe.ee\/toode\/kaitsetahe-unisex-t-sark\/#breadcrumb\"},\"inLanguage\":\"en-US\",\"potentialAction\":[{\"@type\":\"ReadAction\",\"target\":[\"https:\/\/www.vulpe.ee\/toode\/kaitsetahe-unisex-t-sark\/\"]}]},{\"@type\":\"ImageObject\",\"inLanguage\":\"en-US\",\"@id\":\"https:\/\/www.vulpe.ee\/toode\/kaitsetahe-unisex-t-sark\/#primaryimage\",\"url\":\"https:\/\/vulpe.ee\/wp-content\/uploads\/2024\/01\/unisex-organic-cotton-t-shirt-khaki-front-65a7c79ecb5e7.jpg\",\"contentUrl\":\"https:\/\/vulpe.ee\/wp-content\/uploads\/2024\/01\/unisex-organic-cotton-t-shirt-khaki-front-65a7c79ecb5e7.jpg\",\"width\":2000,\"height\":2000},{\"@type\":\"BreadcrumbList\",\"@id\":\"https:\/\/www.vulpe.ee\/toode\/kaitsetahe-unisex-t-sark\/#breadcrumb\",\"itemListElement\":[{\"@type\":\"ListItem\",\"position\":1,\"name\":\"Home\",\"item\":\"https:\/\/vulpe.ee\/ru\/\"},{\"@type\":\"ListItem\",\"position\":2,\"name\":\"Pood\",\"item\":\"https:\/\/vulpe.ee\/ru\/pood\/\"},{\"@type\":\"ListItem\",\"position\":3,\"name\":\"Kaitsetahe Unisex T-S\u00e4rk\"}]},{\"@type\":\"WebSite\",\"@id\":\"https:\/\/vulpe.ee\/ru\/#website\",\"url\":\"https:\/\/vulpe.ee\/ru\/\",\"name\":\"Vulpe\",\"description\":\"\",\"publisher\":{\"@id\":\"https:\/\/vulpe.ee\/ru\/#organization\"},\"potentialAction\":[{\"@type\":\"SearchAction\",\"target\":{\"@type\":\"EntryPoint\",\"urlTemplate\":\"https:\/\/vulpe.ee\/ru\/?s={search_term_string}\"},\"query-input\":{\"@type\":\"PropertyValueSpecification\",\"valueRequired\":true,\"valueName\":\"search_term_string\"}}],\"inLanguage\":\"en-US\"},{\"@type\":\"Organization\",\"@id\":\"https:\/\/vulpe.ee\/ru\/#organization\",\"name\":\"Mummud.ee\",\"url\":\"https:\/\/vulpe.ee\/ru\/\",\"logo\":{\"@type\":\"ImageObject\",\"inLanguage\":\"en-US\",\"@id\":\"https:\/\/vulpe.ee\/ru\/#\/schema\/logo\/image\/\",\"url\":\"https:\/\/www.vulpe.ee\/wp-content\/uploads\/2021\/10\/mummudlogo3-1.png\",\"contentUrl\":\"https:\/\/www.vulpe.ee\/wp-content\/uploads\/2021\/10\/mummudlogo3-1.png\",\"width\":500,\"height\":200,\"caption\":\"Mummud.ee\"},\"image\":{\"@id\":\"https:\/\/vulpe.ee\/ru\/#\/schema\/logo\/image\/\"}}]}<\/script>\n<!-- \/ Yoast SEO plugin. -->","yoast_head_json":{"title":"Kaitsetahe Unisex T-S\u00e4rk - Vulpe","robots":{"index":"index","follow":"follow","max-snippet":"max-snippet:-1","max-image-preview":"max-image-preview:large","max-video-preview":"max-video-preview:-1"},"canonical":"https:\/\/www.vulpe.ee\/toode\/kaitsetahe-unisex-t-sark\/","og_locale":"en_US","og_type":"article","og_title":"[:et]Kaitsetahe Unisex T-S\u00e4rk[:] - Vulpe","og_description":"See unisex t-s\u00e4rk on valmistatud 100% orgaanilisest r\u00f5ngaskedratud puuvillast ja see on kohustuslik. See on kvaliteetne, \u00fclimugav ja mis k\u00f5ige parem \u2013 keskkonnas\u00f5bralik. \u2022 100% orgaaniline r\u00f5ngaskedratud puuvill \u2022 Kanga kaal: 5,3 untsi\/yd.\u00b2 (180 g\/m\u00b2) \u2022 \u00dcksiks\u00e4rk \u2022 Keskmise sobivusega...","og_url":"https:\/\/vulpe.ee\/en\/toode\/kaitsetahe-unisex-t-sark\/","og_site_name":"Vulpe","article_modified_time":"2024-01-17T12:27:55+00:00","og_image":[{"width":2000,"height":2000,"url":"https:\/\/vulpe.ee\/wp-content\/uploads\/2024\/01\/unisex-organic-cotton-t-shirt-khaki-front-65a7c79ecb5e7.jpg","type":"image\/jpeg"}],"twitter_card":"summary_large_image","schema":{"@context":"https:\/\/schema.org","@graph":[{"@type":"WebPage","@id":"https:\/\/www.vulpe.ee\/toode\/kaitsetahe-unisex-t-sark\/","url":"https:\/\/www.vulpe.ee\/toode\/kaitsetahe-unisex-t-sark\/","name":"Kaitsetahe Unisex T-S\u00e4rk","isPartOf":{"@id":"https:\/\/vulpe.ee\/ru\/#website"},"primaryImageOfPage":{"@id":"https:\/\/www.vulpe.ee\/toode\/kaitsetahe-unisex-t-sark\/#primaryimage"},"image":{"@id":"https:\/\/www.vulpe.ee\/toode\/kaitsetahe-unisex-t-sark\/#primaryimage"},"thumbnailUrl":"https:\/\/vulpe.ee\/wp-content\/uploads\/2024\/01\/unisex-organic-cotton-t-shirt-khaki-front-65a7c79ecb5e7.jpg","datePublished":"2024-01-17T12:27:30+00:00","dateModified":"2024-01-17T12:27:55+00:00","breadcrumb":{"@id":"https:\/\/www.vulpe.ee\/toode\/kaitsetahe-unisex-t-sark\/#breadcrumb"},"inLanguage":"en-US","potentialAction":[{"@type":"ReadAction","target":["https:\/\/www.vulpe.ee\/toode\/kaitsetahe-unisex-t-sark\/"]}]},{"@type":"ImageObject","inLanguage":"en-US","@id":"https:\/\/www.vulpe.ee\/toode\/kaitsetahe-unisex-t-sark\/#primaryimage","url":"https:\/\/vulpe.ee\/wp-content\/uploads\/2024\/01\/unisex-organic-cotton-t-shirt-khaki-front-65a7c79ecb5e7.jpg","contentUrl":"https:\/\/vulpe.ee\/wp-content\/uploads\/2024\/01\/unisex-organic-cotton-t-shirt-khaki-front-65a7c79ecb5e7.jpg","width":2000,"height":2000},{"@type":"BreadcrumbList","@id":"https:\/\/www.vulpe.ee\/toode\/kaitsetahe-unisex-t-sark\/#breadcrumb","itemListElement":[{"@type":"ListItem","position":1,"name":"Home","item":"https:\/\/vulpe.ee\/ru\/"},{"@type":"ListItem","position":2,"name":"Pood","item":"https:\/\/vulpe.ee\/ru\/pood\/"},{"@type":"ListItem","position":3,"name":"Kaitsetahe Unisex T-S\u00e4rk"}]},{"@type":"WebSite","@id":"https:\/\/vulpe.ee\/ru\/#website","url":"https:\/\/vulpe.ee\/ru\/","name":"Vulpe","description":"","publisher":{"@id":"https:\/\/vulpe.ee\/ru\/#organization"},"potentialAction":[{"@type":"SearchAction","target":{"@type":"EntryPoint","urlTemplate":"https:\/\/vulpe.ee\/ru\/?s={search_term_string}"},"query-input":{"@type":"PropertyValueSpecification","valueRequired":true,"valueName":"search_term_string"}}],"inLanguage":"en-US"},{"@type":"Organization","@id":"https:\/\/vulpe.ee\/ru\/#organization","name":"Mummud.ee","url":"https:\/\/vulpe.ee\/ru\/","logo":{"@type":"ImageObject","inLanguage":"en-US","@id":"https:\/\/vulpe.ee\/ru\/#\/schema\/logo\/image\/","url":"https:\/\/www.vulpe.ee\/wp-content\/uploads\/2021\/10\/mummudlogo3-1.png","contentUrl":"https:\/\/www.vulpe.ee\/wp-content\/uploads\/2021\/10\/mummudlogo3-1.png","width":500,"height":200,"caption":"Mummud.ee"},"image":{"@id":"https:\/\/vulpe.ee\/ru\/#\/schema\/logo\/image\/"}}]}},"_links":{"self":[{"href":"https:\/\/vulpe.ee\/en\/wp-json\/wp\/v2\/product\/23635","targetHints":{"allow":["GET"]}}],"collection":[{"href":"https:\/\/vulpe.ee\/en\/wp-json\/wp\/v2\/product"}],"about":[{"href":"https:\/\/vulpe.ee\/en\/wp-json\/wp\/v2\/types\/product"}],"wp:featuredmedia":[{"embeddable":true,"href":"https:\/\/vulpe.ee\/en\/wp-json\/wp\/v2\/media\/23641"}],"wp:attachment":[{"href":"https:\/\/vulpe.ee\/en\/wp-json\/wp\/v2\/media?parent=23635"}],"wp:term":[{"taxonomy":"product_cat","embeddable":true,"href":"https:\/\/vulpe.ee\/en\/wp-json\/wp\/v2\/product_cat?post=23635"},{"taxonomy":"product_tag","embeddable":true,"href":"https:\/\/vulpe.ee\/en\/wp-json\/wp\/v2\/product_tag?post=23635"}],"curies":[{"name":"wp","href":"https:\/\/api.w.org\/{rel}","templated":true}]}}