{"id":14874,"date":"2021-11-30T11:01:49","date_gmt":"2021-11-30T11:01:49","guid":{"rendered":"https:\/\/vulpe.ee\/toode\/unisex-mummuline-must-pusa-kakao\/"},"modified":"2021-12-28T13:10:26","modified_gmt":"2021-12-28T13:10:26","slug":"unisex-mummuline-must-pusa-kakao","status":"publish","type":"product","link":"https:\/\/vulpe.ee\/ru\/toode\/unisex-mummuline-must-pusa-kakao\/","title":{"rendered":"Unisex Mummuline Must Pusa Kakao"},"content":{"rendered":"<p>Meie ainulaadsed prinditud pusad on t\u00e4pse l\u00f5ikega ning k\u00e4sitsi \u00f5mmeldud, et saavutada parim tulemus\u00a0 Materjal on vastupidav, v\u00e4ljast puuvillaselt pehme ning seestpoolt kaetud fliisiga. Sellest saab teie lemmik pusa, mis hoiab teid alati soojas.<\/p>\n<p>\u2022 70% pol\u00fcester, 27% puuvill, 3% elastaan<br \/>\n\u2022 V\u00e4ljast puuvillaselt pehme<br \/>\n\u2022\u00a0Sees pehme fliis<br \/>\n\u2022 Unisex l\u00f5ige<br \/>\n\u2022 Overlock \u00f5mblused<br \/>\n\u2022 Toodetud Euroopas<br \/>\n\u2022 Toode\u00a0ei ole laoartikkel. See on eritellimusel valmistatud\u00a0(tr\u00fckitud, \u00f5mmeldud) toode spetsiaalselt sinu jaoks.<br \/>\n\u2022 Toote v\u00e4rvid v\u00f5ivad erineda sellest, mida n\u00e4ed oma ekraanil.<\/p>\n","protected":false},"excerpt":{"rendered":"<p>Meie unisex pusad sobivad ideaalselt nii\u00a0 naistele kui\u00a0 meestele.\u00a0 Too oma ellu\u00a0 veidi v\u00e4rvi\u00a0 ja r\u00f5\u00f5mu\u00a0 nende vahvate pusadega.<\/p>\n<p><a href=\"#pix_popup_14259\"><button type=\"submit\" class=\"sizeguidebtn button\">Vaata suuruste tabelit<\/button><\/a><\/p>\n","protected":false},"featured_media":14882,"template":"","meta":[],"product_cat":[98,86,61,90],"product_tag":[],"class_list":{"0":"post-14874","1":"product","2":"type-product","3":"status-publish","4":"has-post-thumbnail","6":"product_cat-kapuutsita-pusa","7":"product_cat-must-pusa","8":"product_cat-jook","9":"product_cat-must","11":"first","12":"instock","13":"sale","14":"taxable","15":"shipping-taxable","16":"purchasable","17":"product-type-variable"},"yoast_head":"<!-- This site is optimized with the Yoast SEO plugin v23.5 - https:\/\/yoast.com\/wordpress\/plugins\/seo\/ -->\n<title>Unisex Mummuline Must Pusa Kakao - Vulpe<\/title>\n<meta name=\"robots\" content=\"index, follow, max-snippet:-1, max-image-preview:large, max-video-preview:-1\" \/>\n<link rel=\"canonical\" href=\"https:\/\/vulpe.ee\/ru\/toode\/unisex-mummuline-must-pusa-kakao\/\" \/>\n<meta property=\"og:locale\" content=\"ru_RU\" \/>\n<meta property=\"og:locale:alternate\" content=\"en_US\" \/>\n<meta property=\"og:locale:alternate\" content=\"et\" \/>\n<meta property=\"og:type\" content=\"article\" \/>\n<meta property=\"og:title\" content=\"Unisex Mummuline Must Pusa Kakao\" \/>\n<meta property=\"og:description\" content=\"Meie unisex pusad sobivad ideaalselt nii\u00a0 naistele kui\u00a0 meestele.\u00a0 Too oma ellu\u00a0 veidi v\u00e4rvi\u00a0 ja r\u00f5\u00f5mu\u00a0 nende vahvate pusadega.  Vaata suuruste tabelit\" \/>\n<meta property=\"og:url\" content=\"https:\/\/vulpe.ee\/ru\/toode\/unisex-mummuline-must-pusa-kakao\/\" \/>\n<meta property=\"og:site_name\" content=\"Vulpe\" \/>\n<meta property=\"article:modified_time\" content=\"2021-12-28T13:10:26+00:00\" \/>\n<meta property=\"og:image\" content=\"https:\/\/vulpe.ee\/wp-content\/uploads\/2021\/11\/all-over-print-unisex-sweatshirt-white-front-61a6048f629d9.jpg\" \/>\n\t<meta property=\"og:image:width\" content=\"1000\" \/>\n\t<meta property=\"og:image:height\" content=\"1000\" \/>\n\t<meta property=\"og:image:type\" content=\"image\/jpeg\" \/>\n<meta name=\"twitter:card\" content=\"summary_large_image\" \/>\n<script type=\"application\/ld+json\" class=\"yoast-schema-graph\">{\"@context\":\"https:\/\/schema.org\",\"@graph\":[{\"@type\":\"WebPage\",\"@id\":\"https:\/\/vulpe.ee\/toode\/unisex-mummuline-must-pusa-kakao\/\",\"url\":\"https:\/\/vulpe.ee\/toode\/unisex-mummuline-must-pusa-kakao\/\",\"name\":\"Unisex Mummuline Must Pusa Kakao\",\"isPartOf\":{\"@id\":\"https:\/\/vulpe.ee\/ru\/#website\"},\"primaryImageOfPage\":{\"@id\":\"https:\/\/vulpe.ee\/toode\/unisex-mummuline-must-pusa-kakao\/#primaryimage\"},\"image\":{\"@id\":\"https:\/\/vulpe.ee\/toode\/unisex-mummuline-must-pusa-kakao\/#primaryimage\"},\"thumbnailUrl\":\"https:\/\/vulpe.ee\/wp-content\/uploads\/2021\/11\/all-over-print-unisex-sweatshirt-white-front-61a6048f629d9.jpg\",\"datePublished\":\"2021-11-30T11:01:49+00:00\",\"dateModified\":\"2021-12-28T13:10:26+00:00\",\"breadcrumb\":{\"@id\":\"https:\/\/vulpe.ee\/toode\/unisex-mummuline-must-pusa-kakao\/#breadcrumb\"},\"inLanguage\":\"ru-RU\",\"potentialAction\":[{\"@type\":\"ReadAction\",\"target\":[\"https:\/\/vulpe.ee\/toode\/unisex-mummuline-must-pusa-kakao\/\"]}]},{\"@type\":\"ImageObject\",\"inLanguage\":\"ru-RU\",\"@id\":\"https:\/\/vulpe.ee\/toode\/unisex-mummuline-must-pusa-kakao\/#primaryimage\",\"url\":\"https:\/\/vulpe.ee\/wp-content\/uploads\/2021\/11\/all-over-print-unisex-sweatshirt-white-front-61a6048f629d9.jpg\",\"contentUrl\":\"https:\/\/vulpe.ee\/wp-content\/uploads\/2021\/11\/all-over-print-unisex-sweatshirt-white-front-61a6048f629d9.jpg\",\"width\":1000,\"height\":1000},{\"@type\":\"BreadcrumbList\",\"@id\":\"https:\/\/vulpe.ee\/toode\/unisex-mummuline-must-pusa-kakao\/#breadcrumb\",\"itemListElement\":[{\"@type\":\"ListItem\",\"position\":1,\"name\":\"Home\",\"item\":\"https:\/\/vulpe.ee\/ru\/\"},{\"@type\":\"ListItem\",\"position\":2,\"name\":\"Pood\",\"item\":\"https:\/\/vulpe.ee\/ru\/pood\/\"},{\"@type\":\"ListItem\",\"position\":3,\"name\":\"Unisex Mummuline Must Pusa Kakao\"}]},{\"@type\":\"WebSite\",\"@id\":\"https:\/\/vulpe.ee\/ru\/#website\",\"url\":\"https:\/\/vulpe.ee\/ru\/\",\"name\":\"Vulpe\",\"description\":\"\",\"publisher\":{\"@id\":\"https:\/\/vulpe.ee\/ru\/#organization\"},\"potentialAction\":[{\"@type\":\"SearchAction\",\"target\":{\"@type\":\"EntryPoint\",\"urlTemplate\":\"https:\/\/vulpe.ee\/ru\/?s={search_term_string}\"},\"query-input\":{\"@type\":\"PropertyValueSpecification\",\"valueRequired\":true,\"valueName\":\"search_term_string\"}}],\"inLanguage\":\"ru-RU\"},{\"@type\":\"Organization\",\"@id\":\"https:\/\/vulpe.ee\/ru\/#organization\",\"name\":\"Mummud.ee\",\"url\":\"https:\/\/vulpe.ee\/ru\/\",\"logo\":{\"@type\":\"ImageObject\",\"inLanguage\":\"ru-RU\",\"@id\":\"https:\/\/vulpe.ee\/ru\/#\/schema\/logo\/image\/\",\"url\":\"https:\/\/www.vulpe.ee\/wp-content\/uploads\/2021\/10\/mummudlogo3-1.png\",\"contentUrl\":\"https:\/\/www.vulpe.ee\/wp-content\/uploads\/2021\/10\/mummudlogo3-1.png\",\"width\":500,\"height\":200,\"caption\":\"Mummud.ee\"},\"image\":{\"@id\":\"https:\/\/vulpe.ee\/ru\/#\/schema\/logo\/image\/\"}}]}<\/script>\n<!-- \/ Yoast SEO plugin. -->","yoast_head_json":{"title":"Unisex Mummuline Must Pusa Kakao - Vulpe","robots":{"index":"index","follow":"follow","max-snippet":"max-snippet:-1","max-image-preview":"max-image-preview:large","max-video-preview":"max-video-preview:-1"},"canonical":"https:\/\/vulpe.ee\/ru\/toode\/unisex-mummuline-must-pusa-kakao\/","og_locale":"ru_RU","og_type":"article","og_title":"[:et]Unisex Mummuline Must Pusa Kakao[:] - Vulpe","og_description":"Meie unisex pusad sobivad ideaalselt nii\u00a0 naistele kui\u00a0 meestele.\u00a0 Too oma ellu\u00a0 veidi v\u00e4rvi\u00a0 ja r\u00f5\u00f5mu\u00a0 nende vahvate pusadega.  Vaata suuruste tabelit","og_url":"https:\/\/vulpe.ee\/ru\/toode\/unisex-mummuline-must-pusa-kakao\/","og_site_name":"Vulpe","article_modified_time":"2021-12-28T13:10:26+00:00","og_image":[{"width":1000,"height":1000,"url":"https:\/\/vulpe.ee\/wp-content\/uploads\/2021\/11\/all-over-print-unisex-sweatshirt-white-front-61a6048f629d9.jpg","type":"image\/jpeg"}],"twitter_card":"summary_large_image","schema":{"@context":"https:\/\/schema.org","@graph":[{"@type":"WebPage","@id":"https:\/\/vulpe.ee\/toode\/unisex-mummuline-must-pusa-kakao\/","url":"https:\/\/vulpe.ee\/toode\/unisex-mummuline-must-pusa-kakao\/","name":"Unisex Mummuline Must Pusa Kakao","isPartOf":{"@id":"https:\/\/vulpe.ee\/ru\/#website"},"primaryImageOfPage":{"@id":"https:\/\/vulpe.ee\/toode\/unisex-mummuline-must-pusa-kakao\/#primaryimage"},"image":{"@id":"https:\/\/vulpe.ee\/toode\/unisex-mummuline-must-pusa-kakao\/#primaryimage"},"thumbnailUrl":"https:\/\/vulpe.ee\/wp-content\/uploads\/2021\/11\/all-over-print-unisex-sweatshirt-white-front-61a6048f629d9.jpg","datePublished":"2021-11-30T11:01:49+00:00","dateModified":"2021-12-28T13:10:26+00:00","breadcrumb":{"@id":"https:\/\/vulpe.ee\/toode\/unisex-mummuline-must-pusa-kakao\/#breadcrumb"},"inLanguage":"ru-RU","potentialAction":[{"@type":"ReadAction","target":["https:\/\/vulpe.ee\/toode\/unisex-mummuline-must-pusa-kakao\/"]}]},{"@type":"ImageObject","inLanguage":"ru-RU","@id":"https:\/\/vulpe.ee\/toode\/unisex-mummuline-must-pusa-kakao\/#primaryimage","url":"https:\/\/vulpe.ee\/wp-content\/uploads\/2021\/11\/all-over-print-unisex-sweatshirt-white-front-61a6048f629d9.jpg","contentUrl":"https:\/\/vulpe.ee\/wp-content\/uploads\/2021\/11\/all-over-print-unisex-sweatshirt-white-front-61a6048f629d9.jpg","width":1000,"height":1000},{"@type":"BreadcrumbList","@id":"https:\/\/vulpe.ee\/toode\/unisex-mummuline-must-pusa-kakao\/#breadcrumb","itemListElement":[{"@type":"ListItem","position":1,"name":"Home","item":"https:\/\/vulpe.ee\/ru\/"},{"@type":"ListItem","position":2,"name":"Pood","item":"https:\/\/vulpe.ee\/ru\/pood\/"},{"@type":"ListItem","position":3,"name":"Unisex Mummuline Must Pusa Kakao"}]},{"@type":"WebSite","@id":"https:\/\/vulpe.ee\/ru\/#website","url":"https:\/\/vulpe.ee\/ru\/","name":"Vulpe","description":"","publisher":{"@id":"https:\/\/vulpe.ee\/ru\/#organization"},"potentialAction":[{"@type":"SearchAction","target":{"@type":"EntryPoint","urlTemplate":"https:\/\/vulpe.ee\/ru\/?s={search_term_string}"},"query-input":{"@type":"PropertyValueSpecification","valueRequired":true,"valueName":"search_term_string"}}],"inLanguage":"ru-RU"},{"@type":"Organization","@id":"https:\/\/vulpe.ee\/ru\/#organization","name":"Mummud.ee","url":"https:\/\/vulpe.ee\/ru\/","logo":{"@type":"ImageObject","inLanguage":"ru-RU","@id":"https:\/\/vulpe.ee\/ru\/#\/schema\/logo\/image\/","url":"https:\/\/www.vulpe.ee\/wp-content\/uploads\/2021\/10\/mummudlogo3-1.png","contentUrl":"https:\/\/www.vulpe.ee\/wp-content\/uploads\/2021\/10\/mummudlogo3-1.png","width":500,"height":200,"caption":"Mummud.ee"},"image":{"@id":"https:\/\/vulpe.ee\/ru\/#\/schema\/logo\/image\/"}}]}},"_links":{"self":[{"href":"https:\/\/vulpe.ee\/ru\/wp-json\/wp\/v2\/product\/14874","targetHints":{"allow":["GET"]}}],"collection":[{"href":"https:\/\/vulpe.ee\/ru\/wp-json\/wp\/v2\/product"}],"about":[{"href":"https:\/\/vulpe.ee\/ru\/wp-json\/wp\/v2\/types\/product"}],"wp:featuredmedia":[{"embeddable":true,"href":"https:\/\/vulpe.ee\/ru\/wp-json\/wp\/v2\/media\/14882"}],"wp:attachment":[{"href":"https:\/\/vulpe.ee\/ru\/wp-json\/wp\/v2\/media?parent=14874"}],"wp:term":[{"taxonomy":"product_cat","embeddable":true,"href":"https:\/\/vulpe.ee\/ru\/wp-json\/wp\/v2\/product_cat?post=14874"},{"taxonomy":"product_tag","embeddable":true,"href":"https:\/\/vulpe.ee\/ru\/wp-json\/wp\/v2\/product_tag?post=14874"}],"curies":[{"name":"wp","href":"https:\/\/api.w.org\/{rel}","templated":true}]}}