{"id":16470,"date":"2021-12-27T11:58:41","date_gmt":"2021-12-27T11:58:41","guid":{"rendered":"https:\/\/vulpe.ee\/toode\/mummuline-must-kapuutsiga-unisex-pusa-sooda\/"},"modified":"2021-12-28T13:25:25","modified_gmt":"2021-12-28T13:25:25","slug":"mummuline-must-kapuutsiga-unisex-pusa-sooda","status":"publish","type":"product","link":"https:\/\/vulpe.ee\/ru\/toode\/mummuline-must-kapuutsiga-unisex-pusa-sooda\/","title":{"rendered":"Mummuline Must Kapuutsiga Unisex Pusa Sooda"},"content":{"rendered":"<p>See eriti mugav mummuline unisex kapuutsiga pusa on v\u00e4ljast eriti pehme ning seest kaetud veel pehmema fliisiga. Parim kaaslane jahedateks \u00f5htuteks!<\/p>\n<p>\u2022 70% pol\u00fcester, 27% puuvill, 3% elastaan<br \/>\n\u2022 V\u00e4ljast puuvillaselt pehme<br \/>\n\u2022 Sees pehme fliis<br \/>\n\u2022 Kahekordne kapuuts, mille sees- ja v\u00e4lisk\u00fcljel mummuline muster<br \/>\n\u2022 Unisex l\u00f5ige<br \/>\n\u2022 Kapuutsi k\u00fcljes on n\u00f6\u00f6rid<br \/>\n\u2022 Overlock \u00f5mblused<br \/>\n\u2022 Toode ei ole laoartikkel. See on eritellimusel valmistatud<br \/>\n\u2022 Toote v\u00e4rvid v\u00f5ivad erineda sellest, mida n\u00e4ed oma ekraanil.<\/p>\n","protected":false},"excerpt":{"rendered":"<p>Mummuline sooda pusa on ideaalne kingitus s\u00f5brale, kes on peast veidi sooda.<\/p>\n<p>Meie unisex pusad sobivad ideaalselt nii\u00a0 naistele kui\u00a0 meestele.\u00a0 Too oma ellu\u00a0 veidi v\u00e4rvi\u00a0 ja r\u00f5\u00f5mu\u00a0 nende vahvate pusadega.<\/p>\n<p><a href=\"#pix_popup_16626\"><button type=\"submit\" class=\"sizeguidebtn button\">Vaata suuruste tabelit<\/button><\/a><\/p>\n","protected":false},"featured_media":16478,"template":"","meta":[],"product_cat":[95,90,97],"product_tag":[],"class_list":{"0":"post-16470","1":"product","2":"type-product","3":"status-publish","4":"has-post-thumbnail","6":"product_cat-kapuutsiga-pusa","7":"product_cat-must","8":"product_cat-must-kapuutsiga-pusa","10":"first","11":"instock","12":"sale","13":"taxable","14":"shipping-taxable","15":"purchasable","16":"product-type-variable"},"yoast_head":"<!-- This site is optimized with the Yoast SEO plugin v23.5 - https:\/\/yoast.com\/wordpress\/plugins\/seo\/ -->\n<title>Mummuline Must Kapuutsiga Unisex Pusa Sooda - Vulpe<\/title>\n<meta name=\"robots\" content=\"index, follow, max-snippet:-1, max-image-preview:large, max-video-preview:-1\" \/>\n<link rel=\"canonical\" href=\"https:\/\/www.vulpe.ee\/toode\/mummuline-must-kapuutsiga-unisex-pusa-sooda\/\" \/>\n<meta property=\"og:locale\" content=\"ru_RU\" \/>\n<meta property=\"og:locale:alternate\" content=\"en_US\" \/>\n<meta property=\"og:locale:alternate\" content=\"et\" \/>\n<meta property=\"og:type\" content=\"article\" \/>\n<meta property=\"og:title\" content=\"Mummuline Must Kapuutsiga Unisex Pusa Sooda\" \/>\n<meta property=\"og:description\" content=\"Mummuline sooda pusa on ideaalne kingitus s\u00f5brale, kes on peast veidi sooda.  Meie unisex pusad sobivad ideaalselt nii\u00a0 naistele kui\u00a0 meestele.\u00a0 Too oma ellu\u00a0 veidi v\u00e4rvi\u00a0 ja r\u00f5\u00f5mu\u00a0 nende vahvate pusadega.  Vaata suuruste tabelit\" \/>\n<meta property=\"og:url\" content=\"https:\/\/vulpe.ee\/ru\/toode\/mummuline-must-kapuutsiga-unisex-pusa-sooda\/\" \/>\n<meta property=\"og:site_name\" content=\"Vulpe\" \/>\n<meta property=\"article:modified_time\" content=\"2021-12-28T13:25:25+00:00\" \/>\n<meta property=\"og:image\" content=\"https:\/\/vulpe.ee\/wp-content\/uploads\/2021\/12\/all-over-print-unisex-hoodie-white-front-61c9aa65eec43.jpg\" \/>\n\t<meta property=\"og:image:width\" content=\"1000\" \/>\n\t<meta property=\"og:image:height\" content=\"1000\" \/>\n\t<meta property=\"og:image:type\" content=\"image\/jpeg\" \/>\n<meta name=\"twitter:card\" content=\"summary_large_image\" \/>\n<script type=\"application\/ld+json\" class=\"yoast-schema-graph\">{\"@context\":\"https:\/\/schema.org\",\"@graph\":[{\"@type\":\"WebPage\",\"@id\":\"https:\/\/www.vulpe.ee\/toode\/mummuline-must-kapuutsiga-unisex-pusa-sooda\/\",\"url\":\"https:\/\/www.vulpe.ee\/toode\/mummuline-must-kapuutsiga-unisex-pusa-sooda\/\",\"name\":\"Mummuline Must Kapuutsiga Unisex Pusa Sooda\",\"isPartOf\":{\"@id\":\"https:\/\/vulpe.ee\/ru\/#website\"},\"primaryImageOfPage\":{\"@id\":\"https:\/\/www.vulpe.ee\/toode\/mummuline-must-kapuutsiga-unisex-pusa-sooda\/#primaryimage\"},\"image\":{\"@id\":\"https:\/\/www.vulpe.ee\/toode\/mummuline-must-kapuutsiga-unisex-pusa-sooda\/#primaryimage\"},\"thumbnailUrl\":\"https:\/\/vulpe.ee\/wp-content\/uploads\/2021\/12\/all-over-print-unisex-hoodie-white-front-61c9aa65eec43.jpg\",\"datePublished\":\"2021-12-27T11:58:41+00:00\",\"dateModified\":\"2021-12-28T13:25:25+00:00\",\"breadcrumb\":{\"@id\":\"https:\/\/www.vulpe.ee\/toode\/mummuline-must-kapuutsiga-unisex-pusa-sooda\/#breadcrumb\"},\"inLanguage\":\"ru-RU\",\"potentialAction\":[{\"@type\":\"ReadAction\",\"target\":[\"https:\/\/www.vulpe.ee\/toode\/mummuline-must-kapuutsiga-unisex-pusa-sooda\/\"]}]},{\"@type\":\"ImageObject\",\"inLanguage\":\"ru-RU\",\"@id\":\"https:\/\/www.vulpe.ee\/toode\/mummuline-must-kapuutsiga-unisex-pusa-sooda\/#primaryimage\",\"url\":\"https:\/\/vulpe.ee\/wp-content\/uploads\/2021\/12\/all-over-print-unisex-hoodie-white-front-61c9aa65eec43.jpg\",\"contentUrl\":\"https:\/\/vulpe.ee\/wp-content\/uploads\/2021\/12\/all-over-print-unisex-hoodie-white-front-61c9aa65eec43.jpg\",\"width\":1000,\"height\":1000},{\"@type\":\"BreadcrumbList\",\"@id\":\"https:\/\/www.vulpe.ee\/toode\/mummuline-must-kapuutsiga-unisex-pusa-sooda\/#breadcrumb\",\"itemListElement\":[{\"@type\":\"ListItem\",\"position\":1,\"name\":\"Home\",\"item\":\"https:\/\/vulpe.ee\/ru\/\"},{\"@type\":\"ListItem\",\"position\":2,\"name\":\"Pood\",\"item\":\"https:\/\/vulpe.ee\/ru\/pood\/\"},{\"@type\":\"ListItem\",\"position\":3,\"name\":\"Mummuline Must Kapuutsiga Unisex Pusa Sooda\"}]},{\"@type\":\"WebSite\",\"@id\":\"https:\/\/vulpe.ee\/ru\/#website\",\"url\":\"https:\/\/vulpe.ee\/ru\/\",\"name\":\"Vulpe\",\"description\":\"\",\"publisher\":{\"@id\":\"https:\/\/vulpe.ee\/ru\/#organization\"},\"potentialAction\":[{\"@type\":\"SearchAction\",\"target\":{\"@type\":\"EntryPoint\",\"urlTemplate\":\"https:\/\/vulpe.ee\/ru\/?s={search_term_string}\"},\"query-input\":{\"@type\":\"PropertyValueSpecification\",\"valueRequired\":true,\"valueName\":\"search_term_string\"}}],\"inLanguage\":\"ru-RU\"},{\"@type\":\"Organization\",\"@id\":\"https:\/\/vulpe.ee\/ru\/#organization\",\"name\":\"Mummud.ee\",\"url\":\"https:\/\/vulpe.ee\/ru\/\",\"logo\":{\"@type\":\"ImageObject\",\"inLanguage\":\"ru-RU\",\"@id\":\"https:\/\/vulpe.ee\/ru\/#\/schema\/logo\/image\/\",\"url\":\"https:\/\/www.vulpe.ee\/wp-content\/uploads\/2021\/10\/mummudlogo3-1.png\",\"contentUrl\":\"https:\/\/www.vulpe.ee\/wp-content\/uploads\/2021\/10\/mummudlogo3-1.png\",\"width\":500,\"height\":200,\"caption\":\"Mummud.ee\"},\"image\":{\"@id\":\"https:\/\/vulpe.ee\/ru\/#\/schema\/logo\/image\/\"}}]}<\/script>\n<!-- \/ Yoast SEO plugin. -->","yoast_head_json":{"title":"Mummuline Must Kapuutsiga Unisex Pusa Sooda - Vulpe","robots":{"index":"index","follow":"follow","max-snippet":"max-snippet:-1","max-image-preview":"max-image-preview:large","max-video-preview":"max-video-preview:-1"},"canonical":"https:\/\/www.vulpe.ee\/toode\/mummuline-must-kapuutsiga-unisex-pusa-sooda\/","og_locale":"ru_RU","og_type":"article","og_title":"[:et]Mummuline Must Kapuutsiga Unisex Pusa Sooda[:] - Vulpe","og_description":"Mummuline sooda pusa on ideaalne kingitus s\u00f5brale, kes on peast veidi sooda.  Meie unisex pusad sobivad ideaalselt nii\u00a0 naistele kui\u00a0 meestele.\u00a0 Too oma ellu\u00a0 veidi v\u00e4rvi\u00a0 ja r\u00f5\u00f5mu\u00a0 nende vahvate pusadega.  Vaata suuruste tabelit","og_url":"https:\/\/vulpe.ee\/ru\/toode\/mummuline-must-kapuutsiga-unisex-pusa-sooda\/","og_site_name":"Vulpe","article_modified_time":"2021-12-28T13:25:25+00:00","og_image":[{"width":1000,"height":1000,"url":"https:\/\/vulpe.ee\/wp-content\/uploads\/2021\/12\/all-over-print-unisex-hoodie-white-front-61c9aa65eec43.jpg","type":"image\/jpeg"}],"twitter_card":"summary_large_image","schema":{"@context":"https:\/\/schema.org","@graph":[{"@type":"WebPage","@id":"https:\/\/www.vulpe.ee\/toode\/mummuline-must-kapuutsiga-unisex-pusa-sooda\/","url":"https:\/\/www.vulpe.ee\/toode\/mummuline-must-kapuutsiga-unisex-pusa-sooda\/","name":"Mummuline Must Kapuutsiga Unisex Pusa Sooda","isPartOf":{"@id":"https:\/\/vulpe.ee\/ru\/#website"},"primaryImageOfPage":{"@id":"https:\/\/www.vulpe.ee\/toode\/mummuline-must-kapuutsiga-unisex-pusa-sooda\/#primaryimage"},"image":{"@id":"https:\/\/www.vulpe.ee\/toode\/mummuline-must-kapuutsiga-unisex-pusa-sooda\/#primaryimage"},"thumbnailUrl":"https:\/\/vulpe.ee\/wp-content\/uploads\/2021\/12\/all-over-print-unisex-hoodie-white-front-61c9aa65eec43.jpg","datePublished":"2021-12-27T11:58:41+00:00","dateModified":"2021-12-28T13:25:25+00:00","breadcrumb":{"@id":"https:\/\/www.vulpe.ee\/toode\/mummuline-must-kapuutsiga-unisex-pusa-sooda\/#breadcrumb"},"inLanguage":"ru-RU","potentialAction":[{"@type":"ReadAction","target":["https:\/\/www.vulpe.ee\/toode\/mummuline-must-kapuutsiga-unisex-pusa-sooda\/"]}]},{"@type":"ImageObject","inLanguage":"ru-RU","@id":"https:\/\/www.vulpe.ee\/toode\/mummuline-must-kapuutsiga-unisex-pusa-sooda\/#primaryimage","url":"https:\/\/vulpe.ee\/wp-content\/uploads\/2021\/12\/all-over-print-unisex-hoodie-white-front-61c9aa65eec43.jpg","contentUrl":"https:\/\/vulpe.ee\/wp-content\/uploads\/2021\/12\/all-over-print-unisex-hoodie-white-front-61c9aa65eec43.jpg","width":1000,"height":1000},{"@type":"BreadcrumbList","@id":"https:\/\/www.vulpe.ee\/toode\/mummuline-must-kapuutsiga-unisex-pusa-sooda\/#breadcrumb","itemListElement":[{"@type":"ListItem","position":1,"name":"Home","item":"https:\/\/vulpe.ee\/ru\/"},{"@type":"ListItem","position":2,"name":"Pood","item":"https:\/\/vulpe.ee\/ru\/pood\/"},{"@type":"ListItem","position":3,"name":"Mummuline Must Kapuutsiga Unisex Pusa Sooda"}]},{"@type":"WebSite","@id":"https:\/\/vulpe.ee\/ru\/#website","url":"https:\/\/vulpe.ee\/ru\/","name":"Vulpe","description":"","publisher":{"@id":"https:\/\/vulpe.ee\/ru\/#organization"},"potentialAction":[{"@type":"SearchAction","target":{"@type":"EntryPoint","urlTemplate":"https:\/\/vulpe.ee\/ru\/?s={search_term_string}"},"query-input":{"@type":"PropertyValueSpecification","valueRequired":true,"valueName":"search_term_string"}}],"inLanguage":"ru-RU"},{"@type":"Organization","@id":"https:\/\/vulpe.ee\/ru\/#organization","name":"Mummud.ee","url":"https:\/\/vulpe.ee\/ru\/","logo":{"@type":"ImageObject","inLanguage":"ru-RU","@id":"https:\/\/vulpe.ee\/ru\/#\/schema\/logo\/image\/","url":"https:\/\/www.vulpe.ee\/wp-content\/uploads\/2021\/10\/mummudlogo3-1.png","contentUrl":"https:\/\/www.vulpe.ee\/wp-content\/uploads\/2021\/10\/mummudlogo3-1.png","width":500,"height":200,"caption":"Mummud.ee"},"image":{"@id":"https:\/\/vulpe.ee\/ru\/#\/schema\/logo\/image\/"}}]}},"_links":{"self":[{"href":"https:\/\/vulpe.ee\/ru\/wp-json\/wp\/v2\/product\/16470","targetHints":{"allow":["GET"]}}],"collection":[{"href":"https:\/\/vulpe.ee\/ru\/wp-json\/wp\/v2\/product"}],"about":[{"href":"https:\/\/vulpe.ee\/ru\/wp-json\/wp\/v2\/types\/product"}],"wp:featuredmedia":[{"embeddable":true,"href":"https:\/\/vulpe.ee\/ru\/wp-json\/wp\/v2\/media\/16478"}],"wp:attachment":[{"href":"https:\/\/vulpe.ee\/ru\/wp-json\/wp\/v2\/media?parent=16470"}],"wp:term":[{"taxonomy":"product_cat","embeddable":true,"href":"https:\/\/vulpe.ee\/ru\/wp-json\/wp\/v2\/product_cat?post=16470"},{"taxonomy":"product_tag","embeddable":true,"href":"https:\/\/vulpe.ee\/ru\/wp-json\/wp\/v2\/product_tag?post=16470"}],"curies":[{"name":"wp","href":"https:\/\/api.w.org\/{rel}","templated":true}]}}