{"id":19154,"date":"2022-03-21T19:42:07","date_gmt":"2022-03-21T19:42:07","guid":{"rendered":"https:\/\/vulpe.ee\/toode\/vulpe-eesti-laste-t-sark-2\/"},"modified":"2022-03-21T19:42:34","modified_gmt":"2022-03-21T19:42:34","slug":"vulpe-eesti-laste-t-sark-2","status":"publish","type":"product","link":"https:\/\/vulpe.ee\/ru\/toode\/vulpe-eesti-laste-t-sark-2\/","title":{"rendered":"Vulpe Eesti laste T-S\u00e4rk"},"content":{"rendered":"<p>\u2022 95% pol\u00fcester, 5% elastaan<br \/>\n\u2022 Veniv materjal, mis ei kaota oma esialgset vormi<br \/>\n\u2022 Toodetud Euroopas<br \/>\n\u2022 Toode ei ole laoartikkel. See on eritellimusel valmistatud<br \/>\n\u2022 Toote v\u00e4rvid v\u00f5ivad erineda sellest, mida n\u00e4ed oma ekraanil<\/p>\n","protected":false},"excerpt":{"rendered":"<p>\u2022 95% pol\u00fcester, 5% elastaan \u2022 Veniv materjal, mis ei kaota oma esialgset vormi \u2022 Toodetud Euroopas \u2022 Toode ei ole laoartikkel. See on eritellimusel valmistatud \u2022 Toote v\u00e4rvid v\u00f5ivad erineda sellest, mida n\u00e4ed oma ekraanil<\/p>\n","protected":false},"featured_media":19164,"template":"","meta":[],"product_cat":[112],"product_tag":[],"class_list":{"0":"post-19154","1":"product","2":"type-product","3":"status-publish","4":"has-post-thumbnail","6":"product_cat-eesti","8":"first","9":"instock","10":"taxable","11":"shipping-taxable","12":"purchasable","13":"product-type-variable"},"yoast_head":"<!-- This site is optimized with the Yoast SEO plugin v23.5 - https:\/\/yoast.com\/wordpress\/plugins\/seo\/ -->\n<title>Vulpe Eesti laste T-S\u00e4rk - Vulpe<\/title>\n<meta name=\"robots\" content=\"index, follow, max-snippet:-1, max-image-preview:large, max-video-preview:-1\" \/>\n<link rel=\"canonical\" href=\"https:\/\/www.vulpe.ee\/toode\/vulpe-eesti-laste-t-sark-2\/\" \/>\n<meta property=\"og:locale\" content=\"ru_RU\" \/>\n<meta property=\"og:locale:alternate\" content=\"en_US\" \/>\n<meta property=\"og:locale:alternate\" content=\"et\" \/>\n<meta property=\"og:type\" content=\"article\" \/>\n<meta property=\"og:title\" content=\"Vulpe Eesti laste T-S\u00e4rk\" \/>\n<meta property=\"og:description\" content=\"\u2022 95% pol\u00fcester, 5% elastaan \u2022 Veniv materjal, mis ei kaota oma esialgset vormi \u2022 Toodetud Euroopas \u2022 Toode ei ole laoartikkel. See on eritellimusel valmistatud \u2022 Toote v\u00e4rvid v\u00f5ivad erineda sellest, mida n\u00e4ed oma ekraanil\" \/>\n<meta property=\"og:url\" content=\"https:\/\/vulpe.ee\/ru\/toode\/vulpe-eesti-laste-t-sark-2\/\" \/>\n<meta property=\"og:site_name\" content=\"Vulpe\" \/>\n<meta property=\"article:modified_time\" content=\"2022-03-21T19:42:34+00:00\" \/>\n<meta property=\"og:image\" content=\"https:\/\/www.vulpe.ee\/wp-content\/uploads\/2022\/03\/all-over-print-kids-crew-neck-t-shirt-white-front-6238d5054aa90.jpg\" \/>\n\t<meta property=\"og:image:width\" content=\"1000\" \/>\n\t<meta property=\"og:image:height\" content=\"1000\" \/>\n\t<meta property=\"og:image:type\" content=\"image\/jpeg\" \/>\n<meta name=\"twitter:card\" content=\"summary_large_image\" \/>\n<script type=\"application\/ld+json\" class=\"yoast-schema-graph\">{\"@context\":\"https:\/\/schema.org\",\"@graph\":[{\"@type\":\"WebPage\",\"@id\":\"https:\/\/www.vulpe.ee\/toode\/vulpe-eesti-laste-t-sark-2\/\",\"url\":\"https:\/\/www.vulpe.ee\/toode\/vulpe-eesti-laste-t-sark-2\/\",\"name\":\"Vulpe Eesti laste T-S\u00e4rk\",\"isPartOf\":{\"@id\":\"https:\/\/vulpe.ee\/ru\/#website\"},\"primaryImageOfPage\":{\"@id\":\"https:\/\/www.vulpe.ee\/toode\/vulpe-eesti-laste-t-sark-2\/#primaryimage\"},\"image\":{\"@id\":\"https:\/\/www.vulpe.ee\/toode\/vulpe-eesti-laste-t-sark-2\/#primaryimage\"},\"thumbnailUrl\":\"https:\/\/vulpe.ee\/wp-content\/uploads\/2022\/03\/all-over-print-kids-crew-neck-t-shirt-white-front-6238d5054aa90.jpg\",\"datePublished\":\"2022-03-21T19:42:07+00:00\",\"dateModified\":\"2022-03-21T19:42:34+00:00\",\"breadcrumb\":{\"@id\":\"https:\/\/www.vulpe.ee\/toode\/vulpe-eesti-laste-t-sark-2\/#breadcrumb\"},\"inLanguage\":\"ru-RU\",\"potentialAction\":[{\"@type\":\"ReadAction\",\"target\":[\"https:\/\/www.vulpe.ee\/toode\/vulpe-eesti-laste-t-sark-2\/\"]}]},{\"@type\":\"ImageObject\",\"inLanguage\":\"ru-RU\",\"@id\":\"https:\/\/www.vulpe.ee\/toode\/vulpe-eesti-laste-t-sark-2\/#primaryimage\",\"url\":\"https:\/\/vulpe.ee\/wp-content\/uploads\/2022\/03\/all-over-print-kids-crew-neck-t-shirt-white-front-6238d5054aa90.jpg\",\"contentUrl\":\"https:\/\/vulpe.ee\/wp-content\/uploads\/2022\/03\/all-over-print-kids-crew-neck-t-shirt-white-front-6238d5054aa90.jpg\",\"width\":1000,\"height\":1000},{\"@type\":\"BreadcrumbList\",\"@id\":\"https:\/\/www.vulpe.ee\/toode\/vulpe-eesti-laste-t-sark-2\/#breadcrumb\",\"itemListElement\":[{\"@type\":\"ListItem\",\"position\":1,\"name\":\"Home\",\"item\":\"https:\/\/vulpe.ee\/ru\/\"},{\"@type\":\"ListItem\",\"position\":2,\"name\":\"Pood\",\"item\":\"https:\/\/vulpe.ee\/ru\/pood\/\"},{\"@type\":\"ListItem\",\"position\":3,\"name\":\"Vulpe Eesti laste T-S\u00e4rk\"}]},{\"@type\":\"WebSite\",\"@id\":\"https:\/\/vulpe.ee\/ru\/#website\",\"url\":\"https:\/\/vulpe.ee\/ru\/\",\"name\":\"Vulpe\",\"description\":\"\",\"publisher\":{\"@id\":\"https:\/\/vulpe.ee\/ru\/#organization\"},\"potentialAction\":[{\"@type\":\"SearchAction\",\"target\":{\"@type\":\"EntryPoint\",\"urlTemplate\":\"https:\/\/vulpe.ee\/ru\/?s={search_term_string}\"},\"query-input\":{\"@type\":\"PropertyValueSpecification\",\"valueRequired\":true,\"valueName\":\"search_term_string\"}}],\"inLanguage\":\"ru-RU\"},{\"@type\":\"Organization\",\"@id\":\"https:\/\/vulpe.ee\/ru\/#organization\",\"name\":\"Mummud.ee\",\"url\":\"https:\/\/vulpe.ee\/ru\/\",\"logo\":{\"@type\":\"ImageObject\",\"inLanguage\":\"ru-RU\",\"@id\":\"https:\/\/vulpe.ee\/ru\/#\/schema\/logo\/image\/\",\"url\":\"https:\/\/www.vulpe.ee\/wp-content\/uploads\/2021\/10\/mummudlogo3-1.png\",\"contentUrl\":\"https:\/\/www.vulpe.ee\/wp-content\/uploads\/2021\/10\/mummudlogo3-1.png\",\"width\":500,\"height\":200,\"caption\":\"Mummud.ee\"},\"image\":{\"@id\":\"https:\/\/vulpe.ee\/ru\/#\/schema\/logo\/image\/\"}}]}<\/script>\n<!-- \/ Yoast SEO plugin. -->","yoast_head_json":{"title":"Vulpe Eesti laste T-S\u00e4rk - Vulpe","robots":{"index":"index","follow":"follow","max-snippet":"max-snippet:-1","max-image-preview":"max-image-preview:large","max-video-preview":"max-video-preview:-1"},"canonical":"https:\/\/www.vulpe.ee\/toode\/vulpe-eesti-laste-t-sark-2\/","og_locale":"ru_RU","og_type":"article","og_title":"[:et]Vulpe Eesti laste T-S\u00e4rk[:] - Vulpe","og_description":"\u2022 95% pol\u00fcester, 5% elastaan \u2022 Veniv materjal, mis ei kaota oma esialgset vormi \u2022 Toodetud Euroopas \u2022 Toode ei ole laoartikkel. See on eritellimusel valmistatud \u2022 Toote v\u00e4rvid v\u00f5ivad erineda sellest, mida n\u00e4ed oma ekraanil","og_url":"https:\/\/vulpe.ee\/ru\/toode\/vulpe-eesti-laste-t-sark-2\/","og_site_name":"Vulpe","article_modified_time":"2022-03-21T19:42:34+00:00","og_image":[{"width":1000,"height":1000,"url":"https:\/\/www.vulpe.ee\/wp-content\/uploads\/2022\/03\/all-over-print-kids-crew-neck-t-shirt-white-front-6238d5054aa90.jpg","type":"image\/jpeg"}],"twitter_card":"summary_large_image","schema":{"@context":"https:\/\/schema.org","@graph":[{"@type":"WebPage","@id":"https:\/\/www.vulpe.ee\/toode\/vulpe-eesti-laste-t-sark-2\/","url":"https:\/\/www.vulpe.ee\/toode\/vulpe-eesti-laste-t-sark-2\/","name":"Vulpe Eesti laste T-S\u00e4rk","isPartOf":{"@id":"https:\/\/vulpe.ee\/ru\/#website"},"primaryImageOfPage":{"@id":"https:\/\/www.vulpe.ee\/toode\/vulpe-eesti-laste-t-sark-2\/#primaryimage"},"image":{"@id":"https:\/\/www.vulpe.ee\/toode\/vulpe-eesti-laste-t-sark-2\/#primaryimage"},"thumbnailUrl":"https:\/\/vulpe.ee\/wp-content\/uploads\/2022\/03\/all-over-print-kids-crew-neck-t-shirt-white-front-6238d5054aa90.jpg","datePublished":"2022-03-21T19:42:07+00:00","dateModified":"2022-03-21T19:42:34+00:00","breadcrumb":{"@id":"https:\/\/www.vulpe.ee\/toode\/vulpe-eesti-laste-t-sark-2\/#breadcrumb"},"inLanguage":"ru-RU","potentialAction":[{"@type":"ReadAction","target":["https:\/\/www.vulpe.ee\/toode\/vulpe-eesti-laste-t-sark-2\/"]}]},{"@type":"ImageObject","inLanguage":"ru-RU","@id":"https:\/\/www.vulpe.ee\/toode\/vulpe-eesti-laste-t-sark-2\/#primaryimage","url":"https:\/\/vulpe.ee\/wp-content\/uploads\/2022\/03\/all-over-print-kids-crew-neck-t-shirt-white-front-6238d5054aa90.jpg","contentUrl":"https:\/\/vulpe.ee\/wp-content\/uploads\/2022\/03\/all-over-print-kids-crew-neck-t-shirt-white-front-6238d5054aa90.jpg","width":1000,"height":1000},{"@type":"BreadcrumbList","@id":"https:\/\/www.vulpe.ee\/toode\/vulpe-eesti-laste-t-sark-2\/#breadcrumb","itemListElement":[{"@type":"ListItem","position":1,"name":"Home","item":"https:\/\/vulpe.ee\/ru\/"},{"@type":"ListItem","position":2,"name":"Pood","item":"https:\/\/vulpe.ee\/ru\/pood\/"},{"@type":"ListItem","position":3,"name":"Vulpe Eesti laste T-S\u00e4rk"}]},{"@type":"WebSite","@id":"https:\/\/vulpe.ee\/ru\/#website","url":"https:\/\/vulpe.ee\/ru\/","name":"Vulpe","description":"","publisher":{"@id":"https:\/\/vulpe.ee\/ru\/#organization"},"potentialAction":[{"@type":"SearchAction","target":{"@type":"EntryPoint","urlTemplate":"https:\/\/vulpe.ee\/ru\/?s={search_term_string}"},"query-input":{"@type":"PropertyValueSpecification","valueRequired":true,"valueName":"search_term_string"}}],"inLanguage":"ru-RU"},{"@type":"Organization","@id":"https:\/\/vulpe.ee\/ru\/#organization","name":"Mummud.ee","url":"https:\/\/vulpe.ee\/ru\/","logo":{"@type":"ImageObject","inLanguage":"ru-RU","@id":"https:\/\/vulpe.ee\/ru\/#\/schema\/logo\/image\/","url":"https:\/\/www.vulpe.ee\/wp-content\/uploads\/2021\/10\/mummudlogo3-1.png","contentUrl":"https:\/\/www.vulpe.ee\/wp-content\/uploads\/2021\/10\/mummudlogo3-1.png","width":500,"height":200,"caption":"Mummud.ee"},"image":{"@id":"https:\/\/vulpe.ee\/ru\/#\/schema\/logo\/image\/"}}]}},"_links":{"self":[{"href":"https:\/\/vulpe.ee\/ru\/wp-json\/wp\/v2\/product\/19154","targetHints":{"allow":["GET"]}}],"collection":[{"href":"https:\/\/vulpe.ee\/ru\/wp-json\/wp\/v2\/product"}],"about":[{"href":"https:\/\/vulpe.ee\/ru\/wp-json\/wp\/v2\/types\/product"}],"wp:featuredmedia":[{"embeddable":true,"href":"https:\/\/vulpe.ee\/ru\/wp-json\/wp\/v2\/media\/19164"}],"wp:attachment":[{"href":"https:\/\/vulpe.ee\/ru\/wp-json\/wp\/v2\/media?parent=19154"}],"wp:term":[{"taxonomy":"product_cat","embeddable":true,"href":"https:\/\/vulpe.ee\/ru\/wp-json\/wp\/v2\/product_cat?post=19154"},{"taxonomy":"product_tag","embeddable":true,"href":"https:\/\/vulpe.ee\/ru\/wp-json\/wp\/v2\/product_tag?post=19154"}],"curies":[{"name":"wp","href":"https:\/\/api.w.org\/{rel}","templated":true}]}}