{"id":23218,"date":"2023-04-17T19:24:06","date_gmt":"2023-04-17T19:24:06","guid":{"rendered":"https:\/\/vulpe.ee\/toode\/mummud-kandekott-mine-poodi\/"},"modified":"2023-11-09T10:15:15","modified_gmt":"2023-11-09T10:15:15","slug":"mummud-kandekott-mine-poodi","status":"publish","type":"product","link":"https:\/\/vulpe.ee\/ru\/toode\/mummud-kandekott-mine-poodi\/","title":{"rendered":"Mummud Kandekott Mine poodi"},"content":{"rendered":"<p>Avar ja trendikas kandekott, mis aitab sul k\u00f5ik oluline kaasas kanda.<\/p>\n<p>\u2022 Valmistatud 100% spinnitud pol\u00fcestrist<br \/>\n\u2022 Koti suurus: 38,1 x 38,1 cm (15&#8243; x 15&#8243;)<br \/>\n\u2022 Maht: 10 liitrit (2,6 USA gallonit)<br \/>\n\u2022 Maksimaalne kaalupiirang: 20 kg<br \/>\n\u2022 Topeltk\u00e4epidemed 100% looduslikust puuvillast bull denimist<br \/>\n\u2022 K\u00e4epideme pikkus 30 cm, laius 2,5 cm<\/p>\n<p>See toode valmistatakse spetsiaalselt sinu jaoks kohe p\u00e4rast tellimuse esitamist, mist\u00f5ttu v\u00f5tab selle kohaletoimetamine natuke kauem aega. Toodete valmistamine vastavalt tellimustele asemel suurtes kogustes tootmine aitab v\u00e4hendada \u00fcletootmist, seega t\u00e4name teid m\u00f5istlike ostuotsuste tegemise eest!<\/p>\n","protected":false},"excerpt":{"rendered":"<p>Avar ja trendikas kandekott, mis aitab sul k\u00f5ik oluline kaasas kanda. \u2022 Valmistatud 100% spinnitud pol\u00fcestrist \u2022 Koti suurus: 38,1 x 38,1 cm (15&#8243; x 15&#8243;) \u2022 Maht: 10 liitrit (2,6 USA gallonit) \u2022 Maksimaalne kaalupiirang: 20 kg \u2022 Topeltk\u00e4epidemed&#8230;<\/p>\n","protected":false},"featured_media":23219,"template":"","meta":[],"product_cat":[91],"product_tag":[],"class_list":{"0":"post-23218","1":"product","2":"type-product","3":"status-publish","4":"has-post-thumbnail","6":"product_cat-aksessuaarid","8":"first","9":"instock","10":"taxable","11":"shipping-taxable","12":"purchasable","13":"product-type-simple"},"yoast_head":"<!-- This site is optimized with the Yoast SEO plugin v23.5 - https:\/\/yoast.com\/wordpress\/plugins\/seo\/ -->\n<title>Mummud Kandekott Mine poodi - Vulpe<\/title>\n<meta name=\"robots\" content=\"index, follow, max-snippet:-1, max-image-preview:large, max-video-preview:-1\" \/>\n<link rel=\"canonical\" href=\"https:\/\/vulpe.ee\/ru\/toode\/mummud-kandekott-mine-poodi\/\" \/>\n<meta property=\"og:locale\" content=\"ru_RU\" \/>\n<meta property=\"og:locale:alternate\" content=\"en_US\" \/>\n<meta property=\"og:locale:alternate\" content=\"et\" \/>\n<meta property=\"og:type\" content=\"article\" \/>\n<meta property=\"og:title\" content=\"Mummud Kandekott Mine poodi\" \/>\n<meta property=\"og:description\" content=\"Avar ja trendikas kandekott, mis aitab sul k\u00f5ik oluline kaasas kanda. \u2022 Valmistatud 100% spinnitud pol\u00fcestrist \u2022 Koti suurus: 38,1 x 38,1 cm (15&#8243; x 15&#8243;) \u2022 Maht: 10 liitrit (2,6 USA gallonit) \u2022 Maksimaalne kaalupiirang: 20 kg \u2022 Topeltk\u00e4epidemed...\" \/>\n<meta property=\"og:url\" content=\"https:\/\/vulpe.ee\/ru\/toode\/mummud-kandekott-mine-poodi\/\" \/>\n<meta property=\"og:site_name\" content=\"Vulpe\" \/>\n<meta property=\"article:modified_time\" content=\"2023-11-09T10:15:15+00:00\" \/>\n<meta property=\"og:image\" content=\"https:\/\/www.vulpe.ee\/wp-content\/uploads\/2023\/04\/all-over-print-tote-red-15x15-mockup-643d9c202b60b.jpg\" \/>\n\t<meta property=\"og:image:width\" content=\"1000\" \/>\n\t<meta property=\"og:image:height\" content=\"1000\" \/>\n\t<meta property=\"og:image:type\" content=\"image\/jpeg\" \/>\n<meta name=\"twitter:card\" content=\"summary_large_image\" \/>\n<script type=\"application\/ld+json\" class=\"yoast-schema-graph\">{\"@context\":\"https:\/\/schema.org\",\"@graph\":[{\"@type\":\"WebPage\",\"@id\":\"https:\/\/vulpe.ee\/ru\/toode\/mummud-kandekott-mine-poodi\/\",\"url\":\"https:\/\/vulpe.ee\/ru\/toode\/mummud-kandekott-mine-poodi\/\",\"name\":\"Mummud Kandekott Mine poodi\",\"isPartOf\":{\"@id\":\"https:\/\/vulpe.ee\/ru\/#website\"},\"primaryImageOfPage\":{\"@id\":\"https:\/\/vulpe.ee\/ru\/toode\/mummud-kandekott-mine-poodi\/#primaryimage\"},\"image\":{\"@id\":\"https:\/\/vulpe.ee\/ru\/toode\/mummud-kandekott-mine-poodi\/#primaryimage\"},\"thumbnailUrl\":\"https:\/\/vulpe.ee\/wp-content\/uploads\/2023\/04\/all-over-print-tote-red-15x15-mockup-643d9c202b60b.jpg\",\"datePublished\":\"2023-04-17T19:24:06+00:00\",\"dateModified\":\"2023-11-09T10:15:15+00:00\",\"breadcrumb\":{\"@id\":\"https:\/\/vulpe.ee\/ru\/toode\/mummud-kandekott-mine-poodi\/#breadcrumb\"},\"inLanguage\":\"ru-RU\",\"potentialAction\":[{\"@type\":\"ReadAction\",\"target\":[\"https:\/\/vulpe.ee\/ru\/toode\/mummud-kandekott-mine-poodi\/\"]}]},{\"@type\":\"ImageObject\",\"inLanguage\":\"ru-RU\",\"@id\":\"https:\/\/vulpe.ee\/ru\/toode\/mummud-kandekott-mine-poodi\/#primaryimage\",\"url\":\"https:\/\/vulpe.ee\/wp-content\/uploads\/2023\/04\/all-over-print-tote-red-15x15-mockup-643d9c202b60b.jpg\",\"contentUrl\":\"https:\/\/vulpe.ee\/wp-content\/uploads\/2023\/04\/all-over-print-tote-red-15x15-mockup-643d9c202b60b.jpg\",\"width\":1000,\"height\":1000},{\"@type\":\"BreadcrumbList\",\"@id\":\"https:\/\/vulpe.ee\/ru\/toode\/mummud-kandekott-mine-poodi\/#breadcrumb\",\"itemListElement\":[{\"@type\":\"ListItem\",\"position\":1,\"name\":\"Home\",\"item\":\"https:\/\/vulpe.ee\/ru\/\"},{\"@type\":\"ListItem\",\"position\":2,\"name\":\"Pood\",\"item\":\"https:\/\/vulpe.ee\/ru\/pood\/\"},{\"@type\":\"ListItem\",\"position\":3,\"name\":\"Mummud Kandekott Mine poodi\"}]},{\"@type\":\"WebSite\",\"@id\":\"https:\/\/vulpe.ee\/ru\/#website\",\"url\":\"https:\/\/vulpe.ee\/ru\/\",\"name\":\"Vulpe\",\"description\":\"\",\"publisher\":{\"@id\":\"https:\/\/vulpe.ee\/ru\/#organization\"},\"potentialAction\":[{\"@type\":\"SearchAction\",\"target\":{\"@type\":\"EntryPoint\",\"urlTemplate\":\"https:\/\/vulpe.ee\/ru\/?s={search_term_string}\"},\"query-input\":{\"@type\":\"PropertyValueSpecification\",\"valueRequired\":true,\"valueName\":\"search_term_string\"}}],\"inLanguage\":\"ru-RU\"},{\"@type\":\"Organization\",\"@id\":\"https:\/\/vulpe.ee\/ru\/#organization\",\"name\":\"Mummud.ee\",\"url\":\"https:\/\/vulpe.ee\/ru\/\",\"logo\":{\"@type\":\"ImageObject\",\"inLanguage\":\"ru-RU\",\"@id\":\"https:\/\/vulpe.ee\/ru\/#\/schema\/logo\/image\/\",\"url\":\"https:\/\/www.vulpe.ee\/wp-content\/uploads\/2021\/10\/mummudlogo3-1.png\",\"contentUrl\":\"https:\/\/www.vulpe.ee\/wp-content\/uploads\/2021\/10\/mummudlogo3-1.png\",\"width\":500,\"height\":200,\"caption\":\"Mummud.ee\"},\"image\":{\"@id\":\"https:\/\/vulpe.ee\/ru\/#\/schema\/logo\/image\/\"}}]}<\/script>\n<!-- \/ Yoast SEO plugin. -->","yoast_head_json":{"title":"Mummud Kandekott Mine poodi - Vulpe","robots":{"index":"index","follow":"follow","max-snippet":"max-snippet:-1","max-image-preview":"max-image-preview:large","max-video-preview":"max-video-preview:-1"},"canonical":"https:\/\/vulpe.ee\/ru\/toode\/mummud-kandekott-mine-poodi\/","og_locale":"ru_RU","og_type":"article","og_title":"[:et]Mummud Kandekott Mine poodi[:] - Vulpe","og_description":"Avar ja trendikas kandekott, mis aitab sul k\u00f5ik oluline kaasas kanda. \u2022 Valmistatud 100% spinnitud pol\u00fcestrist \u2022 Koti suurus: 38,1 x 38,1 cm (15&#8243; x 15&#8243;) \u2022 Maht: 10 liitrit (2,6 USA gallonit) \u2022 Maksimaalne kaalupiirang: 20 kg \u2022 Topeltk\u00e4epidemed...","og_url":"https:\/\/vulpe.ee\/ru\/toode\/mummud-kandekott-mine-poodi\/","og_site_name":"Vulpe","article_modified_time":"2023-11-09T10:15:15+00:00","og_image":[{"width":1000,"height":1000,"url":"https:\/\/www.vulpe.ee\/wp-content\/uploads\/2023\/04\/all-over-print-tote-red-15x15-mockup-643d9c202b60b.jpg","type":"image\/jpeg"}],"twitter_card":"summary_large_image","schema":{"@context":"https:\/\/schema.org","@graph":[{"@type":"WebPage","@id":"https:\/\/vulpe.ee\/ru\/toode\/mummud-kandekott-mine-poodi\/","url":"https:\/\/vulpe.ee\/ru\/toode\/mummud-kandekott-mine-poodi\/","name":"Mummud Kandekott Mine poodi","isPartOf":{"@id":"https:\/\/vulpe.ee\/ru\/#website"},"primaryImageOfPage":{"@id":"https:\/\/vulpe.ee\/ru\/toode\/mummud-kandekott-mine-poodi\/#primaryimage"},"image":{"@id":"https:\/\/vulpe.ee\/ru\/toode\/mummud-kandekott-mine-poodi\/#primaryimage"},"thumbnailUrl":"https:\/\/vulpe.ee\/wp-content\/uploads\/2023\/04\/all-over-print-tote-red-15x15-mockup-643d9c202b60b.jpg","datePublished":"2023-04-17T19:24:06+00:00","dateModified":"2023-11-09T10:15:15+00:00","breadcrumb":{"@id":"https:\/\/vulpe.ee\/ru\/toode\/mummud-kandekott-mine-poodi\/#breadcrumb"},"inLanguage":"ru-RU","potentialAction":[{"@type":"ReadAction","target":["https:\/\/vulpe.ee\/ru\/toode\/mummud-kandekott-mine-poodi\/"]}]},{"@type":"ImageObject","inLanguage":"ru-RU","@id":"https:\/\/vulpe.ee\/ru\/toode\/mummud-kandekott-mine-poodi\/#primaryimage","url":"https:\/\/vulpe.ee\/wp-content\/uploads\/2023\/04\/all-over-print-tote-red-15x15-mockup-643d9c202b60b.jpg","contentUrl":"https:\/\/vulpe.ee\/wp-content\/uploads\/2023\/04\/all-over-print-tote-red-15x15-mockup-643d9c202b60b.jpg","width":1000,"height":1000},{"@type":"BreadcrumbList","@id":"https:\/\/vulpe.ee\/ru\/toode\/mummud-kandekott-mine-poodi\/#breadcrumb","itemListElement":[{"@type":"ListItem","position":1,"name":"Home","item":"https:\/\/vulpe.ee\/ru\/"},{"@type":"ListItem","position":2,"name":"Pood","item":"https:\/\/vulpe.ee\/ru\/pood\/"},{"@type":"ListItem","position":3,"name":"Mummud Kandekott Mine poodi"}]},{"@type":"WebSite","@id":"https:\/\/vulpe.ee\/ru\/#website","url":"https:\/\/vulpe.ee\/ru\/","name":"Vulpe","description":"","publisher":{"@id":"https:\/\/vulpe.ee\/ru\/#organization"},"potentialAction":[{"@type":"SearchAction","target":{"@type":"EntryPoint","urlTemplate":"https:\/\/vulpe.ee\/ru\/?s={search_term_string}"},"query-input":{"@type":"PropertyValueSpecification","valueRequired":true,"valueName":"search_term_string"}}],"inLanguage":"ru-RU"},{"@type":"Organization","@id":"https:\/\/vulpe.ee\/ru\/#organization","name":"Mummud.ee","url":"https:\/\/vulpe.ee\/ru\/","logo":{"@type":"ImageObject","inLanguage":"ru-RU","@id":"https:\/\/vulpe.ee\/ru\/#\/schema\/logo\/image\/","url":"https:\/\/www.vulpe.ee\/wp-content\/uploads\/2021\/10\/mummudlogo3-1.png","contentUrl":"https:\/\/www.vulpe.ee\/wp-content\/uploads\/2021\/10\/mummudlogo3-1.png","width":500,"height":200,"caption":"Mummud.ee"},"image":{"@id":"https:\/\/vulpe.ee\/ru\/#\/schema\/logo\/image\/"}}]}},"_links":{"self":[{"href":"https:\/\/vulpe.ee\/ru\/wp-json\/wp\/v2\/product\/23218","targetHints":{"allow":["GET"]}}],"collection":[{"href":"https:\/\/vulpe.ee\/ru\/wp-json\/wp\/v2\/product"}],"about":[{"href":"https:\/\/vulpe.ee\/ru\/wp-json\/wp\/v2\/types\/product"}],"wp:featuredmedia":[{"embeddable":true,"href":"https:\/\/vulpe.ee\/ru\/wp-json\/wp\/v2\/media\/23219"}],"wp:attachment":[{"href":"https:\/\/vulpe.ee\/ru\/wp-json\/wp\/v2\/media?parent=23218"}],"wp:term":[{"taxonomy":"product_cat","embeddable":true,"href":"https:\/\/vulpe.ee\/ru\/wp-json\/wp\/v2\/product_cat?post=23218"},{"taxonomy":"product_tag","embeddable":true,"href":"https:\/\/vulpe.ee\/ru\/wp-json\/wp\/v2\/product_tag?post=23218"}],"curies":[{"name":"wp","href":"https:\/\/api.w.org\/{rel}","templated":true}]}}