{"id":23495,"date":"2023-08-02T09:47:23","date_gmt":"2023-08-02T09:47:23","guid":{"rendered":"https:\/\/vulpe.ee\/toode\/womens-im-peace\/"},"modified":"2023-08-02T09:48:05","modified_gmt":"2023-08-02T09:48:05","slug":"womens-im-peace","status":"publish","type":"product","link":"https:\/\/vulpe.ee\/ru\/toode\/womens-im-peace\/","title":{"rendered":"Women&#8217;s I&#8217;m peace"},"content":{"rendered":"<p>See v\u00f5ib olla k\u00f5ige pehmem ja mugavaim naiste T-s\u00e4rk, mis teil kunagi on. Kombineerige selle tee l\u00f5dvestunud istuvus ja sile kangas teksadega, et luua pingutuseta igap\u00e4evane riietus, v\u00f5i riietage see pintsaku ja kleitp\u00fckstega, et anda \u00e4riline vabaaja v\u00e4limus.<\/p>\n<p>\u2022 100% kammitud ja r\u00f5ngaskedraga puuvill<br \/>\n\u2022 Athletic kanarbik on 90% puuvill, 10% pol\u00fcester<br \/>\n\u2022 Muud kanarbikuv\u00e4rvid on 52% puuvilla, 48% pol\u00fcestrit<br \/>\n\u2022 Kanga kaal: 4,2 untsi\/y\u00b2 (142 g\/m\u00b2)<br \/>\n\u2022 L\u00f5dvestunud istuvus<br \/>\n\u2022 Eelkahandatud kangas<br \/>\n\u2022 K\u00fclg\u00f5mblusega konstruktsioon<br \/>\n\u2022 P\u00f6\u00f6rdkael<br \/>\n\u2022 T\u00fchi toode, mis p\u00e4rineb Nicaraguast, Hondurasest v\u00f5i USA-st<\/p>\n<p>Kogege t\u00e4ielikku mugavust, kus toodet tehakse teie tellimuse p\u00f5hjal miHuud-i poolt. Iga ese valmistatakse hoolika ja t\u00e4psusega ainult teile, hetkel kui te tellite. Valides selle teenuse, saate mitte ainult \u00fche oma kindla eseme, vaid ka panustate \u00fcle tootmise v\u00e4hendamisele, millega kaasa aitab teie valik teha maailma paremaks. Ait\u00e4h teile teadlikult valikute tegemise eest. Tellige kohe ja valmistuge seltskonnas silma paistma miHuud-i poolt valmistatud toodetega!<\/p>\n","protected":false},"excerpt":{"rendered":"<p>See v\u00f5ib olla k\u00f5ige pehmem ja mugavaim naiste T-s\u00e4rk, mis teil kunagi on. Kombineerige selle tee l\u00f5dvestunud istuvus ja sile kangas teksadega, et luua pingutuseta igap\u00e4evane riietus, v\u00f5i riietage see pintsaku ja kleitp\u00fckstega, et anda \u00e4riline vabaaja v\u00e4limus. \u2022 100%&#8230;<\/p>\n","protected":false},"featured_media":23526,"template":"","meta":[],"product_cat":[132],"product_tag":[],"class_list":{"0":"post-23495","1":"product","2":"type-product","3":"status-publish","4":"has-post-thumbnail","6":"product_cat-t-sark","8":"first","9":"instock","10":"taxable","11":"shipping-taxable","12":"purchasable","13":"product-type-variable"},"yoast_head":"<!-- This site is optimized with the Yoast SEO plugin v23.5 - https:\/\/yoast.com\/wordpress\/plugins\/seo\/ -->\n<title>Women&#039;s I&#039;m peace - Vulpe<\/title>\n<meta name=\"robots\" content=\"index, follow, max-snippet:-1, max-image-preview:large, max-video-preview:-1\" \/>\n<link rel=\"canonical\" href=\"https:\/\/vulpe.ee\/ru\/toode\/womens-im-peace\/\" \/>\n<meta property=\"og:locale\" content=\"ru_RU\" \/>\n<meta property=\"og:locale:alternate\" content=\"en_US\" \/>\n<meta property=\"og:locale:alternate\" content=\"et\" \/>\n<meta property=\"og:type\" content=\"article\" \/>\n<meta property=\"og:title\" content=\"Women&#039;s I&#039;m peace\" \/>\n<meta property=\"og:description\" content=\"See v\u00f5ib olla k\u00f5ige pehmem ja mugavaim naiste T-s\u00e4rk, mis teil kunagi on. Kombineerige selle tee l\u00f5dvestunud istuvus ja sile kangas teksadega, et luua pingutuseta igap\u00e4evane riietus, v\u00f5i riietage see pintsaku ja kleitp\u00fckstega, et anda \u00e4riline vabaaja v\u00e4limus. \u2022 100%...\" \/>\n<meta property=\"og:url\" content=\"https:\/\/vulpe.ee\/ru\/toode\/womens-im-peace\/\" \/>\n<meta property=\"og:site_name\" content=\"Vulpe\" \/>\n<meta property=\"article:modified_time\" content=\"2023-08-02T09:48:05+00:00\" \/>\n<meta property=\"og:image\" content=\"https:\/\/vulpe.ee\/wp-content\/uploads\/2023\/08\/womens-relaxed-t-shirt-pink-front-64ca25f33016c.jpg\" \/>\n\t<meta property=\"og:image:width\" content=\"2000\" \/>\n\t<meta property=\"og:image:height\" content=\"2000\" \/>\n\t<meta property=\"og:image:type\" content=\"image\/jpeg\" \/>\n<meta name=\"twitter:card\" content=\"summary_large_image\" \/>\n<meta name=\"twitter:label1\" content=\"\u041f\u0440\u0438\u043c\u0435\u0440\u043d\u043e\u0435 \u0432\u0440\u0435\u043c\u044f \u0434\u043b\u044f \u0447\u0442\u0435\u043d\u0438\u044f\" \/>\n\t<meta name=\"twitter:data1\" content=\"1 \u043c\u0438\u043d\u0443\u0442\u0430\" \/>\n<script type=\"application\/ld+json\" class=\"yoast-schema-graph\">{\"@context\":\"https:\/\/schema.org\",\"@graph\":[{\"@type\":\"WebPage\",\"@id\":\"https:\/\/vulpe.ee\/en\/toode\/womens-im-peace\/\",\"url\":\"https:\/\/vulpe.ee\/en\/toode\/womens-im-peace\/\",\"name\":\"Women's I'm peace\",\"isPartOf\":{\"@id\":\"https:\/\/vulpe.ee\/ru\/#website\"},\"primaryImageOfPage\":{\"@id\":\"https:\/\/vulpe.ee\/en\/toode\/womens-im-peace\/#primaryimage\"},\"image\":{\"@id\":\"https:\/\/vulpe.ee\/en\/toode\/womens-im-peace\/#primaryimage\"},\"thumbnailUrl\":\"https:\/\/vulpe.ee\/wp-content\/uploads\/2023\/08\/womens-relaxed-t-shirt-pink-front-64ca25f33016c.jpg\",\"datePublished\":\"2023-08-02T09:47:23+00:00\",\"dateModified\":\"2023-08-02T09:48:05+00:00\",\"breadcrumb\":{\"@id\":\"https:\/\/vulpe.ee\/en\/toode\/womens-im-peace\/#breadcrumb\"},\"inLanguage\":\"ru-RU\",\"potentialAction\":[{\"@type\":\"ReadAction\",\"target\":[\"https:\/\/vulpe.ee\/en\/toode\/womens-im-peace\/\"]}]},{\"@type\":\"ImageObject\",\"inLanguage\":\"ru-RU\",\"@id\":\"https:\/\/vulpe.ee\/en\/toode\/womens-im-peace\/#primaryimage\",\"url\":\"https:\/\/vulpe.ee\/wp-content\/uploads\/2023\/08\/womens-relaxed-t-shirt-pink-front-64ca25f33016c.jpg\",\"contentUrl\":\"https:\/\/vulpe.ee\/wp-content\/uploads\/2023\/08\/womens-relaxed-t-shirt-pink-front-64ca25f33016c.jpg\",\"width\":2000,\"height\":2000},{\"@type\":\"BreadcrumbList\",\"@id\":\"https:\/\/vulpe.ee\/en\/toode\/womens-im-peace\/#breadcrumb\",\"itemListElement\":[{\"@type\":\"ListItem\",\"position\":1,\"name\":\"Home\",\"item\":\"https:\/\/vulpe.ee\/ru\/\"},{\"@type\":\"ListItem\",\"position\":2,\"name\":\"Pood\",\"item\":\"https:\/\/vulpe.ee\/ru\/pood\/\"},{\"@type\":\"ListItem\",\"position\":3,\"name\":\"Women&#8217;s I&#8217;m peace\"}]},{\"@type\":\"WebSite\",\"@id\":\"https:\/\/vulpe.ee\/ru\/#website\",\"url\":\"https:\/\/vulpe.ee\/ru\/\",\"name\":\"Vulpe\",\"description\":\"\",\"publisher\":{\"@id\":\"https:\/\/vulpe.ee\/ru\/#organization\"},\"potentialAction\":[{\"@type\":\"SearchAction\",\"target\":{\"@type\":\"EntryPoint\",\"urlTemplate\":\"https:\/\/vulpe.ee\/ru\/?s={search_term_string}\"},\"query-input\":{\"@type\":\"PropertyValueSpecification\",\"valueRequired\":true,\"valueName\":\"search_term_string\"}}],\"inLanguage\":\"ru-RU\"},{\"@type\":\"Organization\",\"@id\":\"https:\/\/vulpe.ee\/ru\/#organization\",\"name\":\"Mummud.ee\",\"url\":\"https:\/\/vulpe.ee\/ru\/\",\"logo\":{\"@type\":\"ImageObject\",\"inLanguage\":\"ru-RU\",\"@id\":\"https:\/\/vulpe.ee\/ru\/#\/schema\/logo\/image\/\",\"url\":\"https:\/\/www.vulpe.ee\/wp-content\/uploads\/2021\/10\/mummudlogo3-1.png\",\"contentUrl\":\"https:\/\/www.vulpe.ee\/wp-content\/uploads\/2021\/10\/mummudlogo3-1.png\",\"width\":500,\"height\":200,\"caption\":\"Mummud.ee\"},\"image\":{\"@id\":\"https:\/\/vulpe.ee\/ru\/#\/schema\/logo\/image\/\"}}]}<\/script>\n<!-- \/ Yoast SEO plugin. -->","yoast_head_json":{"title":"Women's I'm peace - Vulpe","robots":{"index":"index","follow":"follow","max-snippet":"max-snippet:-1","max-image-preview":"max-image-preview:large","max-video-preview":"max-video-preview:-1"},"canonical":"https:\/\/vulpe.ee\/ru\/toode\/womens-im-peace\/","og_locale":"ru_RU","og_type":"article","og_title":"[:et]Women's I'm peace[:] - Vulpe","og_description":"See v\u00f5ib olla k\u00f5ige pehmem ja mugavaim naiste T-s\u00e4rk, mis teil kunagi on. Kombineerige selle tee l\u00f5dvestunud istuvus ja sile kangas teksadega, et luua pingutuseta igap\u00e4evane riietus, v\u00f5i riietage see pintsaku ja kleitp\u00fckstega, et anda \u00e4riline vabaaja v\u00e4limus. \u2022 100%...","og_url":"https:\/\/vulpe.ee\/ru\/toode\/womens-im-peace\/","og_site_name":"Vulpe","article_modified_time":"2023-08-02T09:48:05+00:00","og_image":[{"width":2000,"height":2000,"url":"https:\/\/vulpe.ee\/wp-content\/uploads\/2023\/08\/womens-relaxed-t-shirt-pink-front-64ca25f33016c.jpg","type":"image\/jpeg"}],"twitter_card":"summary_large_image","twitter_misc":{"\u041f\u0440\u0438\u043c\u0435\u0440\u043d\u043e\u0435 \u0432\u0440\u0435\u043c\u044f \u0434\u043b\u044f \u0447\u0442\u0435\u043d\u0438\u044f":"1 \u043c\u0438\u043d\u0443\u0442\u0430"},"schema":{"@context":"https:\/\/schema.org","@graph":[{"@type":"WebPage","@id":"https:\/\/vulpe.ee\/en\/toode\/womens-im-peace\/","url":"https:\/\/vulpe.ee\/en\/toode\/womens-im-peace\/","name":"Women's I'm peace","isPartOf":{"@id":"https:\/\/vulpe.ee\/ru\/#website"},"primaryImageOfPage":{"@id":"https:\/\/vulpe.ee\/en\/toode\/womens-im-peace\/#primaryimage"},"image":{"@id":"https:\/\/vulpe.ee\/en\/toode\/womens-im-peace\/#primaryimage"},"thumbnailUrl":"https:\/\/vulpe.ee\/wp-content\/uploads\/2023\/08\/womens-relaxed-t-shirt-pink-front-64ca25f33016c.jpg","datePublished":"2023-08-02T09:47:23+00:00","dateModified":"2023-08-02T09:48:05+00:00","breadcrumb":{"@id":"https:\/\/vulpe.ee\/en\/toode\/womens-im-peace\/#breadcrumb"},"inLanguage":"ru-RU","potentialAction":[{"@type":"ReadAction","target":["https:\/\/vulpe.ee\/en\/toode\/womens-im-peace\/"]}]},{"@type":"ImageObject","inLanguage":"ru-RU","@id":"https:\/\/vulpe.ee\/en\/toode\/womens-im-peace\/#primaryimage","url":"https:\/\/vulpe.ee\/wp-content\/uploads\/2023\/08\/womens-relaxed-t-shirt-pink-front-64ca25f33016c.jpg","contentUrl":"https:\/\/vulpe.ee\/wp-content\/uploads\/2023\/08\/womens-relaxed-t-shirt-pink-front-64ca25f33016c.jpg","width":2000,"height":2000},{"@type":"BreadcrumbList","@id":"https:\/\/vulpe.ee\/en\/toode\/womens-im-peace\/#breadcrumb","itemListElement":[{"@type":"ListItem","position":1,"name":"Home","item":"https:\/\/vulpe.ee\/ru\/"},{"@type":"ListItem","position":2,"name":"Pood","item":"https:\/\/vulpe.ee\/ru\/pood\/"},{"@type":"ListItem","position":3,"name":"Women&#8217;s I&#8217;m peace"}]},{"@type":"WebSite","@id":"https:\/\/vulpe.ee\/ru\/#website","url":"https:\/\/vulpe.ee\/ru\/","name":"Vulpe","description":"","publisher":{"@id":"https:\/\/vulpe.ee\/ru\/#organization"},"potentialAction":[{"@type":"SearchAction","target":{"@type":"EntryPoint","urlTemplate":"https:\/\/vulpe.ee\/ru\/?s={search_term_string}"},"query-input":{"@type":"PropertyValueSpecification","valueRequired":true,"valueName":"search_term_string"}}],"inLanguage":"ru-RU"},{"@type":"Organization","@id":"https:\/\/vulpe.ee\/ru\/#organization","name":"Mummud.ee","url":"https:\/\/vulpe.ee\/ru\/","logo":{"@type":"ImageObject","inLanguage":"ru-RU","@id":"https:\/\/vulpe.ee\/ru\/#\/schema\/logo\/image\/","url":"https:\/\/www.vulpe.ee\/wp-content\/uploads\/2021\/10\/mummudlogo3-1.png","contentUrl":"https:\/\/www.vulpe.ee\/wp-content\/uploads\/2021\/10\/mummudlogo3-1.png","width":500,"height":200,"caption":"Mummud.ee"},"image":{"@id":"https:\/\/vulpe.ee\/ru\/#\/schema\/logo\/image\/"}}]}},"_links":{"self":[{"href":"https:\/\/vulpe.ee\/ru\/wp-json\/wp\/v2\/product\/23495","targetHints":{"allow":["GET"]}}],"collection":[{"href":"https:\/\/vulpe.ee\/ru\/wp-json\/wp\/v2\/product"}],"about":[{"href":"https:\/\/vulpe.ee\/ru\/wp-json\/wp\/v2\/types\/product"}],"wp:featuredmedia":[{"embeddable":true,"href":"https:\/\/vulpe.ee\/ru\/wp-json\/wp\/v2\/media\/23526"}],"wp:attachment":[{"href":"https:\/\/vulpe.ee\/ru\/wp-json\/wp\/v2\/media?parent=23495"}],"wp:term":[{"taxonomy":"product_cat","embeddable":true,"href":"https:\/\/vulpe.ee\/ru\/wp-json\/wp\/v2\/product_cat?post=23495"},{"taxonomy":"product_tag","embeddable":true,"href":"https:\/\/vulpe.ee\/ru\/wp-json\/wp\/v2\/product_tag?post=23495"}],"curies":[{"name":"wp","href":"https:\/\/api.w.org\/{rel}","templated":true}]}}